{"id":1007,"date":"2018-04-02T11:53:12","date_gmt":"2018-04-02T11:53:12","guid":{"rendered":"http:\/\/spzduny.pl\/?page_id=1007"},"modified":"2024-09-23T06:53:25","modified_gmt":"2024-09-23T06:53:25","slug":"wymagania-edukacyjne-z-matematyki","status":"publish","type":"page","link":"http:\/\/spzduny.pl\/?page_id=1007","title":{"rendered":"WYMAGANIA EDUKACYJNE Z MATEMATYKI"},"content":{"rendered":"\n<table border=\"0\" width=\"95%\">\n<tbody>\n<tr>\n<td width=\"43\"><span style=\"font-family: Verdana;\"><a href=\"http:\/\/spzduny.pl\/wp-content\/uploads\/2024\/09\/Mat_SP_4_8_Mat_w_nas_kl_4_Katalog_wymagan_2024-1.pdf\"><img loading=\"lazy\" class=\"alignnone\" src=\"http:\/\/zs.zduny.pl\/images\/22x22_pdf.png\" alt=\"\" width=\"22\" height=\"22\" border=\"0\" \/><\/a><\/span><\/td>\n<td><span style=\"font-size: small;\"><a href=\"http:\/\/spzduny.pl\/wp-content\/uploads\/2024\/09\/Mat_SP_4_8_Mat_w_nas_kl_4_Katalog_wymagan_2024-1.pdf\">WYMAGANIA EDUKACYJNE Z MATEMATYKI W KLASIE IV SZKO\u0141Y PODSTAWOWEJ<\/a><\/span><\/td>\n<\/tr>\n<tr>\n<td width=\"43\"><span style=\"font-family: Verdana;\"><a href=\"http:\/\/spzduny.pl\/wp-content\/uploads\/2024\/09\/Mat_SP_4_8_Mat_w_nas_kl_5_Katalog_wymagan_2024.pdf\"><img loading=\"lazy\" class=\"alignnone\" src=\"http:\/\/zs.zduny.pl\/images\/22x22_pdf.png\" alt=\"\" width=\"22\" height=\"22\" border=\"0\" \/><\/a><\/span><\/td>\n<td><span style=\"font-size: small;\"><a href=\"http:\/\/spzduny.pl\/wp-content\/uploads\/2024\/09\/Mat_SP_4_8_Mat_w_nas_kl_5_Katalog_wymagan_2024.pdf\">WYMAGANIA EDUKACYJNE Z MATEMATYKI W KLASIE V SZKO\u0141Y PODSTAWOWEJ <\/a><\/span><\/td>\n<\/tr>\n<tr>\n<td width=\"43\"><span style=\"font-family: Verdana;\"><a href=\"http:\/\/spzduny.pl\/wp-content\/uploads\/2024\/09\/Mat_SP_4_8_Mat_w_nas_kl_6_Katalog_wymagan_2024.pdf\"><img loading=\"lazy\" class=\"alignnone\" src=\"http:\/\/zs.zduny.pl\/images\/22x22_pdf.png\" alt=\"\" width=\"22\" height=\"22\" border=\"0\" \/><\/a><\/span><\/td>\n<td><span style=\"font-size: small;\"><a href=\"http:\/\/spzduny.pl\/wp-content\/uploads\/2024\/09\/Mat_SP_4_8_Mat_w_nas_kl_6_Katalog_wymagan_2024.pdf\">WYMAGANIA EDUKACYJNE Z MATEMATYKI W KLASIE VI SZKO\u0141Y PODSTAWOWEJ <\/a><\/span><\/td>\n<\/tr>\n<tr>\n<td width=\"43\"><span style=\"font-family: Verdana;\"><a href=\"http:\/\/spzduny.pl\/wp-content\/uploads\/2024\/09\/Mat_SP_4_8_Mat_w_nas_kl_7_Katalog_wymagan_2024.pdf\"><img loading=\"lazy\" class=\"alignnone\" src=\"http:\/\/zs.zduny.pl\/images\/22x22_pdf.png\" alt=\"\" width=\"22\" height=\"22\" border=\"0\" \/><\/a><\/span><\/td>\n<td><span style=\"font-size: small;\"><a href=\"http:\/\/spzduny.pl\/wp-content\/uploads\/2024\/09\/Mat_SP_4_8_Mat_w_nas_kl_7_Katalog_wymagan_2024.pdf\">WYMAGANIA EDUKACYJNE Z MATEMATYKI W KLASIE VII SZKO\u0141Y PODSTAWOWEJ <\/a><\/span><\/td>\n<\/tr>\n<tr>\n<td width=\"43\"><a href=\"http:\/\/spzduny.pl\/wp-content\/uploads\/2024\/09\/Mat_SP_4_8_Mat_w_nas_kl_8_Katalog_wymagan_2024.pdf\"><img loading=\"lazy\" class=\"alignleft\" src=\"http:\/\/zs.zduny.pl\/images\/22x22_pdf.png\" alt=\"\" width=\"22\" height=\"22\" border=\"0\" \/><\/a><\/td>\n<td><span style=\"font-size: small;\"><a href=\"http:\/\/spzduny.pl\/wp-content\/uploads\/2024\/09\/Mat_SP_4_8_Mat_w_nas_kl_8_Katalog_wymagan_2024.pdf\">WYMAGANIA EDUKACYJNE Z MATEMATYKI W KLASIE VIII SZKO\u0141Y PODSTAWOWEJ <\/a><\/span><\/td>\n<\/tr>\n<tr>\n<td width=\"43\">\u00a0<\/td>\n<td>\u00a0<\/td>\n<\/tr>\n<\/tbody>\n<\/table>\n<p>\u00a0<\/p>\n","protected":false},"excerpt":{"rendered":"<p>WYMAGANIA EDUKACYJNE Z MATEMATYKI W KLASIE IV SZKO\u0141Y PODSTAWOWEJ WYMAGANIA EDUKACYJNE Z MATEMATYKI W KLASIE V SZKO\u0141Y PODSTAWOWEJ WYMAGANIA EDUKACYJNE Z MATEMATYKI W KLASIE VI SZKO\u0141Y PODSTAWOWEJ WYMAGANIA EDUKACYJNE Z [&hellip;]<\/p>\n","protected":false},"author":1,"featured_media":0,"parent":0,"menu_order":0,"comment_status":"closed","ping_status":"closed","template":"","meta":[],"_links":{"self":[{"href":"http:\/\/spzduny.pl\/index.php?rest_route=\/wp\/v2\/pages\/1007"}],"collection":[{"href":"http:\/\/spzduny.pl\/index.php?rest_route=\/wp\/v2\/pages"}],"about":[{"href":"http:\/\/spzduny.pl\/index.php?rest_route=\/wp\/v2\/types\/page"}],"author":[{"embeddable":true,"href":"http:\/\/spzduny.pl\/index.php?rest_route=\/wp\/v2\/users\/1"}],"replies":[{"embeddable":true,"href":"http:\/\/spzduny.pl\/index.php?rest_route=%2Fwp%2Fv2%2Fcomments&post=1007"}],"version-history":[{"count":13,"href":"http:\/\/spzduny.pl\/index.php?rest_route=\/wp\/v2\/pages\/1007\/revisions"}],"predecessor-version":[{"id":46533,"href":"http:\/\/spzduny.pl\/index.php?rest_route=\/wp\/v2\/pages\/1007\/revisions\/46533"}],"wp:attachment":[{"href":"http:\/\/spzduny.pl\/index.php?rest_route=%2Fwp%2Fv2%2Fmedia&parent=1007"}],"curies":[{"name":"wp","href":"https:\/\/api.w.org\/{rel}","templated":true}]}}