{"id":1149,"date":"2018-04-06T17:57:53","date_gmt":"2018-04-06T17:57:53","guid":{"rendered":"http:\/\/spzduny.pl\/?page_id=1149"},"modified":"2024-09-23T06:51:20","modified_gmt":"2024-09-23T06:51:20","slug":"wymagania-edukacyjne-z-zajec-technicznych-i-techniki","status":"publish","type":"page","link":"http:\/\/spzduny.pl\/?page_id=1149","title":{"rendered":"WYMAGANIA EDUKACYJNE Z TECHNIKI"},"content":{"rendered":"<p><strong><span style=\"font-size: 14px;\">WYMAGANIA EDUKACYJNE Z ZAJ\u0118\u0106 TECHNICZNYCH i TECHNIKI<\/span><\/strong><\/p>\n<table border=\"0\" width=\"90%\">\n<tbody>\n<tr>\n<td width=\"43\"><span style=\"font-family: Verdana;\"><a href=\"http:\/\/zs.zduny.pl\/wymagania\/ztechnika\/4.pdf\"><img loading=\"lazy\" src=\"http:\/\/zs.zduny.pl\/images\/22x22_pdf.png\" width=\"22\" height=\"22\" border=\"0\" \/><\/a><\/span><\/td>\n<td><span style=\"font-size: small;\"><a href=\"http:\/\/zs.zduny.pl\/wymagania\/ztechnika\/4.pdf\">WYMAGANIA EDUKACYJNE Z TECHNIKI KL. IV<\/a><\/span><\/td>\n<\/tr>\n<tr>\n<td width=\"43\"><span style=\"font-family: Verdana;\"><a href=\"http:\/\/spzduny.pl\/wp-content\/uploads\/2024\/09\/wymagania-technika-5.pdf\"><img loading=\"lazy\" class=\"alignnone\" src=\"http:\/\/zs.zduny.pl\/images\/22x22_pdf.png\" alt=\"\" width=\"22\" height=\"22\" border=\"0\" \/><\/a><\/span><\/td>\n<td><span style=\"font-size: small;\"><a href=\"http:\/\/spzduny.pl\/wp-content\/uploads\/2024\/09\/wymagania-technika-5.pdf\">WYMAGANIA EDUKACYJNE Z ZAJ\u0118\u0106 TECHNICZNYCH KL. V<\/a><\/span><\/td>\n<\/tr>\n<tr>\n<td width=\"43\"><span style=\"font-family: Verdana;\"><a href=\"http:\/\/spzduny.pl\/wp-content\/uploads\/2024\/09\/Wymagania-technika-6.pdf\"><img loading=\"lazy\" class=\"alignnone\" src=\"http:\/\/zs.zduny.pl\/images\/22x22_pdf.png\" alt=\"\" width=\"22\" height=\"22\" border=\"0\" \/><\/a><\/span><\/td>\n<td><span style=\"font-size: small;\"><a href=\"http:\/\/spzduny.pl\/wp-content\/uploads\/2024\/09\/Wymagania-technika-6.pdf\">WYMAGANIA EDUKACYJNE Z ZAJ\u0118\u0106 TECHNICZNYCH KL. VI<\/a><\/span><\/td>\n<\/tr>\n<\/tbody>\n<\/table>\n","protected":false},"excerpt":{"rendered":"<p>WYMAGANIA EDUKACYJNE Z ZAJ\u0118\u0106 TECHNICZNYCH i TECHNIKI WYMAGANIA EDUKACYJNE Z TECHNIKI KL. IV WYMAGANIA EDUKACYJNE Z ZAJ\u0118\u0106 TECHNICZNYCH KL. V WYMAGANIA EDUKACYJNE Z ZAJ\u0118\u0106 TECHNICZNYCH KL. VI<\/p>\n","protected":false},"author":1,"featured_media":0,"parent":0,"menu_order":0,"comment_status":"closed","ping_status":"closed","template":"","meta":[],"_links":{"self":[{"href":"http:\/\/spzduny.pl\/index.php?rest_route=\/wp\/v2\/pages\/1149"}],"collection":[{"href":"http:\/\/spzduny.pl\/index.php?rest_route=\/wp\/v2\/pages"}],"about":[{"href":"http:\/\/spzduny.pl\/index.php?rest_route=\/wp\/v2\/types\/page"}],"author":[{"embeddable":true,"href":"http:\/\/spzduny.pl\/index.php?rest_route=\/wp\/v2\/users\/1"}],"replies":[{"embeddable":true,"href":"http:\/\/spzduny.pl\/index.php?rest_route=%2Fwp%2Fv2%2Fcomments&post=1149"}],"version-history":[{"count":4,"href":"http:\/\/spzduny.pl\/index.php?rest_route=\/wp\/v2\/pages\/1149\/revisions"}],"predecessor-version":[{"id":46530,"href":"http:\/\/spzduny.pl\/index.php?rest_route=\/wp\/v2\/pages\/1149\/revisions\/46530"}],"wp:attachment":[{"href":"http:\/\/spzduny.pl\/index.php?rest_route=%2Fwp%2Fv2%2Fmedia&parent=1149"}],"curies":[{"name":"wp","href":"https:\/\/api.w.org\/{rel}","templated":true}]}}