{"id":1152,"date":"2018-04-06T18:42:41","date_gmt":"2018-04-06T18:42:41","guid":{"rendered":"http:\/\/spzduny.pl\/?page_id=1152"},"modified":"2018-04-06T18:42:41","modified_gmt":"2018-04-06T18:42:41","slug":"wymagania-edukacyjne-z-plastyki","status":"publish","type":"page","link":"http:\/\/spzduny.pl\/?page_id=1152","title":{"rendered":"WYMAGANIA EDUKACYJNE Z PLASTYKI"},"content":{"rendered":"<p><strong><span style=\"font-size: 14px;\">WYMAGANIA EDUKACYJNE Z PLASTYKI<\/span><\/strong><\/p>\n<table width=\"95%\" border=\"0\">\n<tbody>\n<tr>\n<td width=\"43\"><span style=\"font-family: Verdana;\"><a href=\"http:\/\/zs.zduny.pl\/wymagania\/plastyka\/1.pdf\"><img loading=\"lazy\" src=\"http:\/\/zs.zduny.pl\/images\/22x22_pdf.png\" width=\"22\" height=\"22\" border=\"0\" \/><\/a><\/span><\/td>\n<td><span style=\"font-size: small;\"><a href=\"http:\/\/zs.zduny.pl\/wymagania\/plastyka\/1.pdf\">WYMAGANIA EDUKACYJNE Z PLASTYKI W KLASIE IV SZKO\u0141Y PODSTAWOWEJ <\/a><\/span><\/td>\n<\/tr>\n<tr>\n<td width=\"43\"><span style=\"font-family: Verdana;\"><a href=\"http:\/\/zs.zduny.pl\/wymagania\/plastyka\/1.pdf\"><img loading=\"lazy\" src=\"http:\/\/zs.zduny.pl\/images\/22x22_pdf.png\" width=\"22\" height=\"22\" border=\"0\" \/><\/a><\/span><\/td>\n<td><span style=\"font-size: small;\"><a href=\"http:\/\/zs.zduny.pl\/wymagania\/plastyka\/1.pdf\">WYMAGANIA EDUKACYJNE Z PLASTYKI W KLASIE V SZKO\u0141Y PODSTAWOWEJ<\/a><\/span><\/td>\n<\/tr>\n<tr>\n<td width=\"43\"><span style=\"font-family: Verdana;\"><a href=\"http:\/\/zs.zduny.pl\/wymagania\/plastyka\/1.pdf\"><img loading=\"lazy\" src=\"http:\/\/zs.zduny.pl\/images\/22x22_pdf.png\" width=\"22\" height=\"22\" border=\"0\" \/><\/a><\/span><\/td>\n<td><span style=\"font-size: small;\"><a href=\"http:\/\/zs.zduny.pl\/wymagania\/plastyka\/1.pdf\">WYMAGANIA EDUKACYJNE Z PLASTYKI W KLASIE VI SZKO\u0141Y PODSTAWOWEJ<\/a><\/span><\/td>\n<\/tr>\n<tr>\n<td width=\"43\"><span style=\"font-family: Verdana;\"><a href=\"http:\/\/zs.zduny.pl\/wymagania\/plastyka\/1.pdf\"><img loading=\"lazy\" src=\"http:\/\/zs.zduny.pl\/images\/22x22_pdf.png\" width=\"22\" height=\"22\" border=\"0\" \/><\/a><\/span><\/td>\n<td><span style=\"font-size: small;\"><a href=\"http:\/\/zs.zduny.pl\/wymagania\/plastyka\/1.pdf\">WYMAGANIA EDUKACYJNE Z PLASTYKI W KLASIE VII SZKO\u0141Y PODSTAWOWEJ<\/a><\/span><\/td>\n<\/tr>\n<\/tbody>\n<\/table>\n","protected":false},"excerpt":{"rendered":"<p>WYMAGANIA EDUKACYJNE Z PLASTYKI WYMAGANIA EDUKACYJNE Z PLASTYKI W KLASIE IV SZKO\u0141Y PODSTAWOWEJ WYMAGANIA EDUKACYJNE Z PLASTYKI W KLASIE V SZKO\u0141Y PODSTAWOWEJ WYMAGANIA EDUKACYJNE Z PLASTYKI W KLASIE VI SZKO\u0141Y [&hellip;]<\/p>\n","protected":false},"author":1,"featured_media":0,"parent":0,"menu_order":0,"comment_status":"closed","ping_status":"closed","template":"","meta":[],"_links":{"self":[{"href":"http:\/\/spzduny.pl\/index.php?rest_route=\/wp\/v2\/pages\/1152"}],"collection":[{"href":"http:\/\/spzduny.pl\/index.php?rest_route=\/wp\/v2\/pages"}],"about":[{"href":"http:\/\/spzduny.pl\/index.php?rest_route=\/wp\/v2\/types\/page"}],"author":[{"embeddable":true,"href":"http:\/\/spzduny.pl\/index.php?rest_route=\/wp\/v2\/users\/1"}],"replies":[{"embeddable":true,"href":"http:\/\/spzduny.pl\/index.php?rest_route=%2Fwp%2Fv2%2Fcomments&post=1152"}],"version-history":[{"count":1,"href":"http:\/\/spzduny.pl\/index.php?rest_route=\/wp\/v2\/pages\/1152\/revisions"}],"predecessor-version":[{"id":1154,"href":"http:\/\/spzduny.pl\/index.php?rest_route=\/wp\/v2\/pages\/1152\/revisions\/1154"}],"wp:attachment":[{"href":"http:\/\/spzduny.pl\/index.php?rest_route=%2Fwp%2Fv2%2Fmedia&parent=1152"}],"curies":[{"name":"wp","href":"https:\/\/api.w.org\/{rel}","templated":true}]}}