{"id":12079,"date":"2019-11-19T12:01:01","date_gmt":"2019-11-19T12:01:01","guid":{"rendered":"http:\/\/spzduny.pl\/?page_id=12079"},"modified":"2020-01-22T20:25:01","modified_gmt":"2020-01-22T20:25:01","slug":"szkola-malego-inzyniera","status":"publish","type":"page","link":"http:\/\/spzduny.pl\/?page_id=12079","title":{"rendered":"Szko\u0142a Ma\u0142ego In\u017cyniera"},"content":{"rendered":"<p><span style=\"color: #000080;\"><img src=\"http:\/\/spzduny.pl\/wp-content\/uploads\/2020\/01\/baner_robot_poziom.jpg\" alt=\"Obrazek posiada pusty atrybut alt; plik o nazwie baner_robot_poziom.jpg\" \/>Nasza szko\u0142a bierze udzia\u0142 w programie <strong>\u201eSzko\u0142a Ma\u0142ego In\u017cyniera\u201d\u00a0 o<\/strong><\/span><span style=\"color: #000080;\">rganizowanym przez Volkswagen Pozna\u0144 Sp. Z o. o.<\/span><\/p>\n<p>W ramach projektu szko\u0142a\u00a0 otrzyma kompletny i unikatowy zestaw.<\/p>\n<p><span style=\"color: #000080;\"><strong>W jego sk\u0142ad wejd\u0105: <\/strong><\/span><\/p>\n<ul>\n<li><span style=\"color: #000080;\">zestawy klock\u00f3w LEGO MINDSTORMS EV3 do budowy oraz programowania robot\u00f3w o warto\u015bci <strong>6000 <\/strong>z\u0142otych.<\/span><\/li>\n<li><span style=\"color: #000080;\">ca\u0142odniowy festiwal technologiczny na terenie szko\u0142y, z zakresu robotyki oraz programowania dla wszystkich uczni\u00f3w.<\/span><\/li>\n<li><span style=\"color: #000080;\">szkolenie dla dw\u00f3ch nauczycieli <br \/><\/span><\/li>\n<\/ul>\n<p style=\"text-align: center;\">Nasza szko\u0142\u0105 zosta\u0142a jednym z <strong>10\u00a0 Finalist\u00f3w w trakcie\u00a0<\/strong> g\u0142osowania internat\u00f3w na nasz\u0105 szko\u0142\u0119.<\/p>\n<p style=\"text-align: center;\">G\u0142osowanie odby\u0142o si\u0119 w dniach\u00a0<strong> 25.11.2019r. <\/strong><strong>&#8211; <\/strong><strong> 6.12.2019r.<\/strong><\/p>\n<h3 style=\"text-align: center;\"><span style=\"color: #ff0000;\">W g\u0142osowaniu zebrali\u015bmy 17.593 g\u0142osy.<\/span><\/h3>\n<p><a href=\"http:\/\/spzduny.pl\/wp-content\/uploads\/2020\/01\/smi1.pdf\">Pismo skierowane do Finalist\u00f3w IV edycji programu Szko\u0142a Ma\u0142ego In\u017cyniera<\/a><\/p>\n<h3 style=\"text-align: center;\"><span style=\"color: #ff0000;\"><strong>\u00a0<\/strong><\/span><\/h3>\n<pre>\u00a0<\/pre>\n<p><span style=\"color: #000080;\"><strong>\u00a0<\/strong><\/span><\/p>\n<p>\u00a0<\/p>\n\n","protected":false},"excerpt":{"rendered":"<p>Nasza szko\u0142a bierze udzia\u0142 w programie \u201eSzko\u0142a Ma\u0142ego In\u017cyniera\u201d\u00a0 organizowanym przez Volkswagen Pozna\u0144 Sp. Z o. o. W ramach projektu szko\u0142a\u00a0 otrzyma kompletny i unikatowy zestaw. W jego sk\u0142ad wejd\u0105: [&hellip;]<\/p>\n","protected":false},"author":1,"featured_media":0,"parent":0,"menu_order":0,"comment_status":"closed","ping_status":"closed","template":"","meta":[],"_links":{"self":[{"href":"http:\/\/spzduny.pl\/index.php?rest_route=\/wp\/v2\/pages\/12079"}],"collection":[{"href":"http:\/\/spzduny.pl\/index.php?rest_route=\/wp\/v2\/pages"}],"about":[{"href":"http:\/\/spzduny.pl\/index.php?rest_route=\/wp\/v2\/types\/page"}],"author":[{"embeddable":true,"href":"http:\/\/spzduny.pl\/index.php?rest_route=\/wp\/v2\/users\/1"}],"replies":[{"embeddable":true,"href":"http:\/\/spzduny.pl\/index.php?rest_route=%2Fwp%2Fv2%2Fcomments&post=12079"}],"version-history":[{"count":15,"href":"http:\/\/spzduny.pl\/index.php?rest_route=\/wp\/v2\/pages\/12079\/revisions"}],"predecessor-version":[{"id":14279,"href":"http:\/\/spzduny.pl\/index.php?rest_route=\/wp\/v2\/pages\/12079\/revisions\/14279"}],"wp:attachment":[{"href":"http:\/\/spzduny.pl\/index.php?rest_route=%2Fwp%2Fv2%2Fmedia&parent=12079"}],"curies":[{"name":"wp","href":"https:\/\/api.w.org\/{rel}","templated":true}]}}