{"id":20040,"date":"2021-10-06T15:56:12","date_gmt":"2021-10-06T15:56:12","guid":{"rendered":"http:\/\/spzduny.pl\/?page_id=20040"},"modified":"2024-09-18T12:20:38","modified_gmt":"2024-09-18T12:20:38","slug":"zgoda-rodzicow-prawnych-opiekunow-na-udzial-dziecka-w-roznych-formach-zajec-pozalekcyjnych","status":"publish","type":"page","link":"http:\/\/spzduny.pl\/?page_id=20040","title":{"rendered":"ZGODA RODZIC\u00d3W\/PRAWNYCH OPIEKUN\u00d3W NA UDZIA\u0141 DZIECKA W R\u00d3\u017bNYCH FORMACH ZAJ\u0118\u0106 POZALEKCYJNYCH"},"content":{"rendered":"\n<table style=\"border-collapse: collapse; width: 100%;\">\n<tbody>\n<tr>\n<td style=\"width: 20.3571%;\"><strong><a href=\"http:\/\/spzduny.pl\/wp-content\/uploads\/2024\/09\/ZGODA-RODZICOW-popraw..pdf\"><img loading=\"lazy\" class=\"aligncenter\" src=\"http:\/\/zs.zduny.pl\/images\/22x22_pdf.png\" alt=\"\" width=\"30\" height=\"30\" border=\"0\" \/><\/a><\/strong><\/td>\n<td style=\"width: 79.6429%;\"><a href=\"http:\/\/spzduny.pl\/wp-content\/uploads\/2024\/09\/ZGODA-RODZICOW-popraw..pdf\">ZGODA RODZIC\u00d3W PRAWNYCH OPIEKUN\u00d3W NA UDZIA\u0141 DZIECKA.pdf<\/a><\/td>\n<\/tr>\n<\/tbody>\n<\/table>\n","protected":false},"excerpt":{"rendered":"<p>ZGODA RODZIC\u00d3W PRAWNYCH OPIEKUN\u00d3W NA UDZIA\u0141 DZIECKA.pdf<\/p>\n","protected":false},"author":1,"featured_media":0,"parent":0,"menu_order":0,"comment_status":"closed","ping_status":"closed","template":"","meta":[],"_links":{"self":[{"href":"http:\/\/spzduny.pl\/index.php?rest_route=\/wp\/v2\/pages\/20040"}],"collection":[{"href":"http:\/\/spzduny.pl\/index.php?rest_route=\/wp\/v2\/pages"}],"about":[{"href":"http:\/\/spzduny.pl\/index.php?rest_route=\/wp\/v2\/types\/page"}],"author":[{"embeddable":true,"href":"http:\/\/spzduny.pl\/index.php?rest_route=\/wp\/v2\/users\/1"}],"replies":[{"embeddable":true,"href":"http:\/\/spzduny.pl\/index.php?rest_route=%2Fwp%2Fv2%2Fcomments&post=20040"}],"version-history":[{"count":5,"href":"http:\/\/spzduny.pl\/index.php?rest_route=\/wp\/v2\/pages\/20040\/revisions"}],"predecessor-version":[{"id":46400,"href":"http:\/\/spzduny.pl\/index.php?rest_route=\/wp\/v2\/pages\/20040\/revisions\/46400"}],"wp:attachment":[{"href":"http:\/\/spzduny.pl\/index.php?rest_route=%2Fwp%2Fv2%2Fmedia&parent=20040"}],"curies":[{"name":"wp","href":"https:\/\/api.w.org\/{rel}","templated":true}]}}