{"id":20658,"date":"2021-10-15T10:19:52","date_gmt":"2021-10-15T10:19:52","guid":{"rendered":"http:\/\/spzduny.pl\/?page_id=20658"},"modified":"2025-09-12T08:46:45","modified_gmt":"2025-09-12T08:46:45","slug":"20658-2","status":"publish","type":"page","link":"http:\/\/spzduny.pl\/?page_id=20658","title":{"rendered":"UBEZPIECZENIE UCZNI\u00d3W"},"content":{"rendered":"\n<h2>\u00a0<\/h2>\n<h2 style=\"text-align: center;\"><span style=\"color: #ff0000;\">OFERTY UBEZPIECZE\u0143 NA ROK SZKOLNY 2025\/2026<\/span><\/h2>\n<h4 style=\"text-align: center;\"><strong>S\u0105 4 pakiety do wyboru. Rodzic sam wybiera sobie pakiet.<\/strong><\/h4>\n<h4 style=\"text-align: center;\">AKTUALNY <a href=\"https:\/\/moje.generali.pl\/frontend\/www\/nnw-dziecka\/210075\"><strong>LINK DO UBEZPIECZENIA<\/strong><\/a><\/h4>\n<p>OG\u00d3LNE WARUNKI UBEZPIECZENIA \u201eGENERALI, Z MY\u015aL\u0104 O NAST\u0118PSTWACH NIESZCZ\u0118\u015aLIWYCH WYPADK\u00d3W\u201d<\/p>\n<p><a href=\"http:\/\/spzduny.pl\/wp-content\/uploads\/2024\/08\/nnw-owu.pdf\">http:\/\/spzduny.pl\/wp-content\/uploads\/2024\/08\/nnw-owu.pdf<\/a><\/p>\n\n\n\n<h2><span style=\"color: #ff0000;\"><strong>W<\/strong> <strong>przypadku wy\u015bwietlania informacji o dodatkowej weryfikacji, prosz\u0119 sprawdzi\u0107 dat\u0119 wa\u017cno\u015bci poprzedniej polisy. Nie mog\u0105 by\u0107 aktywne dwie polisy w pokrywaj\u0105cym si\u0119 okresie ubezpieczenia. Proponuje si\u0119 modyfikacje daty obowi\u0105zywania nowej polisy<\/strong><\/span><\/h2>\n\n\n\n<figure class=\"wp-block-image size-large\"><img loading=\"lazy\" width=\"1024\" height=\"681\" src=\"http:\/\/spzduny.pl\/wp-content\/uploads\/2025\/09\/ubezp.-1024x681.jpg\" alt=\"\" class=\"wp-image-53734\" srcset=\"http:\/\/spzduny.pl\/wp-content\/uploads\/2025\/09\/ubezp.-1024x681.jpg 1024w, http:\/\/spzduny.pl\/wp-content\/uploads\/2025\/09\/ubezp.-300x200.jpg 300w, http:\/\/spzduny.pl\/wp-content\/uploads\/2025\/09\/ubezp.-768x511.jpg 768w, http:\/\/spzduny.pl\/wp-content\/uploads\/2025\/09\/ubezp.-1536x1022.jpg 1536w, http:\/\/spzduny.pl\/wp-content\/uploads\/2025\/09\/ubezp..jpg 1935w\" sizes=\"(max-width: 1024px) 100vw, 1024px\" \/><\/figure>\n","protected":false},"excerpt":{"rendered":"<p>\u00a0 OFERTY UBEZPIECZE\u0143 NA ROK SZKOLNY 2025\/2026 S\u0105 4 pakiety do wyboru. Rodzic sam wybiera sobie pakiet. AKTUALNY LINK DO UBEZPIECZENIA OG\u00d3LNE WARUNKI UBEZPIECZENIA \u201eGENERALI, Z MY\u015aL\u0104 O NAST\u0118PSTWACH NIESZCZ\u0118\u015aLIWYCH [&hellip;]<\/p>\n","protected":false},"author":1,"featured_media":0,"parent":0,"menu_order":0,"comment_status":"closed","ping_status":"closed","template":"","meta":[],"_links":{"self":[{"href":"http:\/\/spzduny.pl\/index.php?rest_route=\/wp\/v2\/pages\/20658"}],"collection":[{"href":"http:\/\/spzduny.pl\/index.php?rest_route=\/wp\/v2\/pages"}],"about":[{"href":"http:\/\/spzduny.pl\/index.php?rest_route=\/wp\/v2\/types\/page"}],"author":[{"embeddable":true,"href":"http:\/\/spzduny.pl\/index.php?rest_route=\/wp\/v2\/users\/1"}],"replies":[{"embeddable":true,"href":"http:\/\/spzduny.pl\/index.php?rest_route=%2Fwp%2Fv2%2Fcomments&post=20658"}],"version-history":[{"count":20,"href":"http:\/\/spzduny.pl\/index.php?rest_route=\/wp\/v2\/pages\/20658\/revisions"}],"predecessor-version":[{"id":53735,"href":"http:\/\/spzduny.pl\/index.php?rest_route=\/wp\/v2\/pages\/20658\/revisions\/53735"}],"wp:attachment":[{"href":"http:\/\/spzduny.pl\/index.php?rest_route=%2Fwp%2Fv2%2Fmedia&parent=20658"}],"curies":[{"name":"wp","href":"https:\/\/api.w.org\/{rel}","templated":true}]}}