{"id":27144,"date":"2022-09-26T06:05:39","date_gmt":"2022-09-26T06:05:39","guid":{"rendered":"http:\/\/spzduny.pl\/?page_id=27144"},"modified":"2022-10-27T05:26:44","modified_gmt":"2022-10-27T05:26:44","slug":"programowanie","status":"publish","type":"page","link":"http:\/\/spzduny.pl\/?page_id=27144","title":{"rendered":"PROGRAMOWANIE"},"content":{"rendered":"\n<p>W naszej szkole prowadzone s\u0105 zaj\u0119cia pozalekcyjne z programowania dla uczni\u00f3w klas m\u0142odszych. Celem tych zaj\u0119\u0107 jest rozwijanie u dzieci logicznego, algorytmicznego my\u015blenia, zadaniowego podej\u015bcia do stawianych problem\u00f3w oraz szukanie r\u00f3\u017cnych rozwi\u0105za\u0144, analizowanie ich i wybieranie tych najbardziej optymalnych. Wszystko na poziomie dostosowanym do wieku uczni\u00f3w.<br>Na zaj\u0119ciach organizowane s\u0105 odpowiednie tematyczne zabawy w klasie, wykonywane s\u0105 zadania w r\u00f3\u017cnych aplikacjach internetowych jako wst\u0119p do programowania, programujemy r\u00f3wnie\u017c roboty Photon, a na dalszym etapie rozwi\u0105zujemy zadania i tworzymy ma\u0142e projekty na komputerze, g\u0142\u00f3wnie na platformie scratch.mit.edu.<\/p>\n\n\n\n<figure class=\"wp-block-gallery columns-2\"><ul class=\"blocks-gallery-grid\"><li class=\"blocks-gallery-item\"><figure><a href=\"http:\/\/spzduny.pl\/wp-content\/uploads\/2022\/10\/20220405_131728-scaled.jpg\"><img loading=\"lazy\" width=\"472\" height=\"1024\" src=\"http:\/\/spzduny.pl\/wp-content\/uploads\/2022\/10\/20220405_131728-472x1024.jpg\" alt=\"\" data-id=\"28859\" data-full-url=\"http:\/\/spzduny.pl\/wp-content\/uploads\/2022\/10\/20220405_131728-scaled.jpg\" data-link=\"http:\/\/spzduny.pl\/?attachment_id=28859\" class=\"wp-image-28859\" srcset=\"http:\/\/spzduny.pl\/wp-content\/uploads\/2022\/10\/20220405_131728-472x1024.jpg 472w, http:\/\/spzduny.pl\/wp-content\/uploads\/2022\/10\/20220405_131728-138x300.jpg 138w, http:\/\/spzduny.pl\/wp-content\/uploads\/2022\/10\/20220405_131728-768x1665.jpg 768w, http:\/\/spzduny.pl\/wp-content\/uploads\/2022\/10\/20220405_131728-709x1536.jpg 709w, http:\/\/spzduny.pl\/wp-content\/uploads\/2022\/10\/20220405_131728-945x2048.jpg 945w, http:\/\/spzduny.pl\/wp-content\/uploads\/2022\/10\/20220405_131728-scaled.jpg 1181w\" sizes=\"(max-width: 472px) 100vw, 472px\" \/><\/a><\/figure><\/li><li class=\"blocks-gallery-item\"><figure><a href=\"http:\/\/spzduny.pl\/wp-content\/uploads\/2022\/10\/20220928_132519-scaled.jpg\"><img loading=\"lazy\" width=\"472\" height=\"1024\" src=\"http:\/\/spzduny.pl\/wp-content\/uploads\/2022\/10\/20220928_132519-472x1024.jpg\" alt=\"\" data-id=\"28861\" data-full-url=\"http:\/\/spzduny.pl\/wp-content\/uploads\/2022\/10\/20220928_132519-scaled.jpg\" data-link=\"http:\/\/spzduny.pl\/?attachment_id=28861\" class=\"wp-image-28861\" srcset=\"http:\/\/spzduny.pl\/wp-content\/uploads\/2022\/10\/20220928_132519-472x1024.jpg 472w, http:\/\/spzduny.pl\/wp-content\/uploads\/2022\/10\/20220928_132519-138x300.jpg 138w, http:\/\/spzduny.pl\/wp-content\/uploads\/2022\/10\/20220928_132519-768x1665.jpg 768w, http:\/\/spzduny.pl\/wp-content\/uploads\/2022\/10\/20220928_132519-709x1536.jpg 709w, http:\/\/spzduny.pl\/wp-content\/uploads\/2022\/10\/20220928_132519-945x2048.jpg 945w, http:\/\/spzduny.pl\/wp-content\/uploads\/2022\/10\/20220928_132519-scaled.jpg 1181w\" sizes=\"(max-width: 472px) 100vw, 472px\" \/><\/a><\/figure><\/li><li class=\"blocks-gallery-item\"><figure><a href=\"http:\/\/spzduny.pl\/wp-content\/uploads\/2022\/10\/20220928_132554-scaled.jpg\"><img loading=\"lazy\" width=\"472\" height=\"1024\" src=\"http:\/\/spzduny.pl\/wp-content\/uploads\/2022\/10\/20220928_132554-472x1024.jpg\" alt=\"\" data-id=\"28862\" data-full-url=\"http:\/\/spzduny.pl\/wp-content\/uploads\/2022\/10\/20220928_132554-scaled.jpg\" data-link=\"http:\/\/spzduny.pl\/?attachment_id=28862\" class=\"wp-image-28862\" srcset=\"http:\/\/spzduny.pl\/wp-content\/uploads\/2022\/10\/20220928_132554-472x1024.jpg 472w, http:\/\/spzduny.pl\/wp-content\/uploads\/2022\/10\/20220928_132554-138x300.jpg 138w, http:\/\/spzduny.pl\/wp-content\/uploads\/2022\/10\/20220928_132554-768x1665.jpg 768w, http:\/\/spzduny.pl\/wp-content\/uploads\/2022\/10\/20220928_132554-709x1536.jpg 709w, http:\/\/spzduny.pl\/wp-content\/uploads\/2022\/10\/20220928_132554-945x2048.jpg 945w, http:\/\/spzduny.pl\/wp-content\/uploads\/2022\/10\/20220928_132554-scaled.jpg 1181w\" sizes=\"(max-width: 472px) 100vw, 472px\" \/><\/a><\/figure><\/li><li class=\"blocks-gallery-item\"><figure><a href=\"http:\/\/spzduny.pl\/wp-content\/uploads\/2022\/10\/20220928_132608-scaled.jpg\"><img loading=\"lazy\" width=\"472\" height=\"1024\" src=\"http:\/\/spzduny.pl\/wp-content\/uploads\/2022\/10\/20220928_132608-472x1024.jpg\" alt=\"\" data-id=\"28864\" data-full-url=\"http:\/\/spzduny.pl\/wp-content\/uploads\/2022\/10\/20220928_132608-scaled.jpg\" data-link=\"http:\/\/spzduny.pl\/?attachment_id=28864\" class=\"wp-image-28864\" srcset=\"http:\/\/spzduny.pl\/wp-content\/uploads\/2022\/10\/20220928_132608-472x1024.jpg 472w, http:\/\/spzduny.pl\/wp-content\/uploads\/2022\/10\/20220928_132608-138x300.jpg 138w, http:\/\/spzduny.pl\/wp-content\/uploads\/2022\/10\/20220928_132608-768x1665.jpg 768w, http:\/\/spzduny.pl\/wp-content\/uploads\/2022\/10\/20220928_132608-709x1536.jpg 709w, http:\/\/spzduny.pl\/wp-content\/uploads\/2022\/10\/20220928_132608-945x2048.jpg 945w, http:\/\/spzduny.pl\/wp-content\/uploads\/2022\/10\/20220928_132608-scaled.jpg 1181w\" sizes=\"(max-width: 472px) 100vw, 472px\" \/><\/a><\/figure><\/li><li class=\"blocks-gallery-item\"><figure><a href=\"http:\/\/spzduny.pl\/wp-content\/uploads\/2022\/10\/20220928_132642-scaled.jpg\"><img loading=\"lazy\" width=\"472\" height=\"1024\" src=\"http:\/\/spzduny.pl\/wp-content\/uploads\/2022\/10\/20220928_132642-472x1024.jpg\" alt=\"\" data-id=\"28865\" data-full-url=\"http:\/\/spzduny.pl\/wp-content\/uploads\/2022\/10\/20220928_132642-scaled.jpg\" data-link=\"http:\/\/spzduny.pl\/?attachment_id=28865\" class=\"wp-image-28865\" srcset=\"http:\/\/spzduny.pl\/wp-content\/uploads\/2022\/10\/20220928_132642-472x1024.jpg 472w, http:\/\/spzduny.pl\/wp-content\/uploads\/2022\/10\/20220928_132642-138x300.jpg 138w, http:\/\/spzduny.pl\/wp-content\/uploads\/2022\/10\/20220928_132642-768x1665.jpg 768w, http:\/\/spzduny.pl\/wp-content\/uploads\/2022\/10\/20220928_132642-709x1536.jpg 709w, http:\/\/spzduny.pl\/wp-content\/uploads\/2022\/10\/20220928_132642-945x2048.jpg 945w, http:\/\/spzduny.pl\/wp-content\/uploads\/2022\/10\/20220928_132642-scaled.jpg 1181w\" sizes=\"(max-width: 472px) 100vw, 472px\" \/><\/a><\/figure><\/li><li class=\"blocks-gallery-item\"><figure><a href=\"http:\/\/spzduny.pl\/wp-content\/uploads\/2022\/10\/20220928_132653-scaled.jpg\"><img loading=\"lazy\" width=\"472\" height=\"1024\" src=\"http:\/\/spzduny.pl\/wp-content\/uploads\/2022\/10\/20220928_132653-472x1024.jpg\" alt=\"\" data-id=\"28866\" data-full-url=\"http:\/\/spzduny.pl\/wp-content\/uploads\/2022\/10\/20220928_132653-scaled.jpg\" data-link=\"http:\/\/spzduny.pl\/?attachment_id=28866\" class=\"wp-image-28866\" srcset=\"http:\/\/spzduny.pl\/wp-content\/uploads\/2022\/10\/20220928_132653-472x1024.jpg 472w, http:\/\/spzduny.pl\/wp-content\/uploads\/2022\/10\/20220928_132653-138x300.jpg 138w, http:\/\/spzduny.pl\/wp-content\/uploads\/2022\/10\/20220928_132653-768x1665.jpg 768w, http:\/\/spzduny.pl\/wp-content\/uploads\/2022\/10\/20220928_132653-709x1536.jpg 709w, http:\/\/spzduny.pl\/wp-content\/uploads\/2022\/10\/20220928_132653-945x2048.jpg 945w, http:\/\/spzduny.pl\/wp-content\/uploads\/2022\/10\/20220928_132653-scaled.jpg 1181w\" sizes=\"(max-width: 472px) 100vw, 472px\" \/><\/a><\/figure><\/li><li class=\"blocks-gallery-item\"><figure><a href=\"http:\/\/spzduny.pl\/wp-content\/uploads\/2022\/10\/20220928_132726-scaled.jpg\"><img loading=\"lazy\" width=\"472\" height=\"1024\" src=\"http:\/\/spzduny.pl\/wp-content\/uploads\/2022\/10\/20220928_132726-472x1024.jpg\" alt=\"\" data-id=\"28867\" data-full-url=\"http:\/\/spzduny.pl\/wp-content\/uploads\/2022\/10\/20220928_132726-scaled.jpg\" data-link=\"http:\/\/spzduny.pl\/?attachment_id=28867\" class=\"wp-image-28867\" srcset=\"http:\/\/spzduny.pl\/wp-content\/uploads\/2022\/10\/20220928_132726-472x1024.jpg 472w, http:\/\/spzduny.pl\/wp-content\/uploads\/2022\/10\/20220928_132726-138x300.jpg 138w, http:\/\/spzduny.pl\/wp-content\/uploads\/2022\/10\/20220928_132726-768x1665.jpg 768w, http:\/\/spzduny.pl\/wp-content\/uploads\/2022\/10\/20220928_132726-709x1536.jpg 709w, http:\/\/spzduny.pl\/wp-content\/uploads\/2022\/10\/20220928_132726-945x2048.jpg 945w, http:\/\/spzduny.pl\/wp-content\/uploads\/2022\/10\/20220928_132726-scaled.jpg 1181w\" sizes=\"(max-width: 472px) 100vw, 472px\" \/><\/a><\/figure><\/li><li class=\"blocks-gallery-item\"><figure><a href=\"http:\/\/spzduny.pl\/wp-content\/uploads\/2022\/10\/20221025_121737-scaled.jpg\"><img loading=\"lazy\" width=\"472\" height=\"1024\" src=\"http:\/\/spzduny.pl\/wp-content\/uploads\/2022\/10\/20221025_121737-472x1024.jpg\" alt=\"\" data-id=\"28868\" data-full-url=\"http:\/\/spzduny.pl\/wp-content\/uploads\/2022\/10\/20221025_121737-scaled.jpg\" data-link=\"http:\/\/spzduny.pl\/?attachment_id=28868\" class=\"wp-image-28868\" srcset=\"http:\/\/spzduny.pl\/wp-content\/uploads\/2022\/10\/20221025_121737-472x1024.jpg 472w, http:\/\/spzduny.pl\/wp-content\/uploads\/2022\/10\/20221025_121737-138x300.jpg 138w, http:\/\/spzduny.pl\/wp-content\/uploads\/2022\/10\/20221025_121737-768x1665.jpg 768w, http:\/\/spzduny.pl\/wp-content\/uploads\/2022\/10\/20221025_121737-709x1536.jpg 709w, http:\/\/spzduny.pl\/wp-content\/uploads\/2022\/10\/20221025_121737-945x2048.jpg 945w, http:\/\/spzduny.pl\/wp-content\/uploads\/2022\/10\/20221025_121737-scaled.jpg 1181w\" sizes=\"(max-width: 472px) 100vw, 472px\" \/><\/a><\/figure><\/li><li class=\"blocks-gallery-item\"><figure><a href=\"http:\/\/spzduny.pl\/wp-content\/uploads\/2022\/10\/20221025_121744-scaled.jpg\"><img loading=\"lazy\" width=\"472\" height=\"1024\" src=\"http:\/\/spzduny.pl\/wp-content\/uploads\/2022\/10\/20221025_121744-472x1024.jpg\" alt=\"\" data-id=\"28869\" data-full-url=\"http:\/\/spzduny.pl\/wp-content\/uploads\/2022\/10\/20221025_121744-scaled.jpg\" data-link=\"http:\/\/spzduny.pl\/?attachment_id=28869\" class=\"wp-image-28869\" srcset=\"http:\/\/spzduny.pl\/wp-content\/uploads\/2022\/10\/20221025_121744-472x1024.jpg 472w, http:\/\/spzduny.pl\/wp-content\/uploads\/2022\/10\/20221025_121744-138x300.jpg 138w, http:\/\/spzduny.pl\/wp-content\/uploads\/2022\/10\/20221025_121744-768x1665.jpg 768w, http:\/\/spzduny.pl\/wp-content\/uploads\/2022\/10\/20221025_121744-709x1536.jpg 709w, http:\/\/spzduny.pl\/wp-content\/uploads\/2022\/10\/20221025_121744-945x2048.jpg 945w, http:\/\/spzduny.pl\/wp-content\/uploads\/2022\/10\/20221025_121744-scaled.jpg 1181w\" sizes=\"(max-width: 472px) 100vw, 472px\" \/><\/a><\/figure><\/li><li class=\"blocks-gallery-item\"><figure><a href=\"http:\/\/spzduny.pl\/wp-content\/uploads\/2022\/10\/20220405_132852-scaled.jpg\"><img loading=\"lazy\" width=\"1024\" height=\"472\" src=\"http:\/\/spzduny.pl\/wp-content\/uploads\/2022\/10\/20220405_132852-1024x472.jpg\" alt=\"\" data-id=\"28860\" data-full-url=\"http:\/\/spzduny.pl\/wp-content\/uploads\/2022\/10\/20220405_132852-scaled.jpg\" data-link=\"http:\/\/spzduny.pl\/?attachment_id=28860\" class=\"wp-image-28860\" srcset=\"http:\/\/spzduny.pl\/wp-content\/uploads\/2022\/10\/20220405_132852-1024x472.jpg 1024w, http:\/\/spzduny.pl\/wp-content\/uploads\/2022\/10\/20220405_132852-300x138.jpg 300w, http:\/\/spzduny.pl\/wp-content\/uploads\/2022\/10\/20220405_132852-768x354.jpg 768w, http:\/\/spzduny.pl\/wp-content\/uploads\/2022\/10\/20220405_132852-1536x709.jpg 1536w, http:\/\/spzduny.pl\/wp-content\/uploads\/2022\/10\/20220405_132852-2048x945.jpg 2048w\" sizes=\"(max-width: 1024px) 100vw, 1024px\" \/><\/a><\/figure><\/li><\/ul><\/figure>\n","protected":false},"excerpt":{"rendered":"<p>W naszej szkole prowadzone s\u0105 zaj\u0119cia pozalekcyjne z programowania dla uczni\u00f3w klas m\u0142odszych. Celem tych zaj\u0119\u0107 jest rozwijanie u dzieci logicznego, algorytmicznego my\u015blenia, zadaniowego podej\u015bcia do stawianych problem\u00f3w oraz szukanie [&hellip;]<\/p>\n","protected":false},"author":1,"featured_media":0,"parent":0,"menu_order":0,"comment_status":"closed","ping_status":"closed","template":"","meta":[],"_links":{"self":[{"href":"http:\/\/spzduny.pl\/index.php?rest_route=\/wp\/v2\/pages\/27144"}],"collection":[{"href":"http:\/\/spzduny.pl\/index.php?rest_route=\/wp\/v2\/pages"}],"about":[{"href":"http:\/\/spzduny.pl\/index.php?rest_route=\/wp\/v2\/types\/page"}],"author":[{"embeddable":true,"href":"http:\/\/spzduny.pl\/index.php?rest_route=\/wp\/v2\/users\/1"}],"replies":[{"embeddable":true,"href":"http:\/\/spzduny.pl\/index.php?rest_route=%2Fwp%2Fv2%2Fcomments&post=27144"}],"version-history":[{"count":3,"href":"http:\/\/spzduny.pl\/index.php?rest_route=\/wp\/v2\/pages\/27144\/revisions"}],"predecessor-version":[{"id":28870,"href":"http:\/\/spzduny.pl\/index.php?rest_route=\/wp\/v2\/pages\/27144\/revisions\/28870"}],"wp:attachment":[{"href":"http:\/\/spzduny.pl\/index.php?rest_route=%2Fwp%2Fv2%2Fmedia&parent=27144"}],"curies":[{"name":"wp","href":"https:\/\/api.w.org\/{rel}","templated":true}]}}