{"id":299,"date":"2018-03-19T15:01:56","date_gmt":"2018-03-19T15:01:56","guid":{"rendered":"http:\/\/spzduny.pl\/?page_id=299"},"modified":"2025-09-08T12:29:58","modified_gmt":"2025-09-08T12:29:58","slug":"kalendarz-szkolny","status":"publish","type":"page","link":"http:\/\/spzduny.pl\/?page_id=299","title":{"rendered":"Kalendarz szkolny"},"content":{"rendered":"\n<p style=\"text-align: center;\"><strong>Kalendarz roku szkolnego 2025\/2026<\/strong><\/p>\n<table width=\"627\">\n<tbody>\n<tr>\n<td width=\"47\">\n<ol>\n<li>\u00a0<\/li>\n<\/ol>\n<p>\u00a0<\/p>\n<\/td>\n<td width=\"267\">\n<p>Rozpocz\u0119cie zaj\u0119\u0107 dydaktyczno-wychowawczych<\/p>\n<\/td>\n<td width=\"313\">\n<p><strong>1 wrze\u015bnia 2025 r.<\/strong><\/p>\n<p><strong><em><u>Podstawa prawna<\/u><\/em><\/strong><strong><em>: <\/em><\/strong><\/p>\n<p><em>&#8211; \u00a7 2 ust. 1 rozporz\u0105dzenia Ministra Edukacji Narodowej z dnia 11 sierpnia 2017 r. w sprawie organizacji roku szkolnego (Dz. U z 2023 r.. poz. 1211)<\/em><\/p>\n<\/td>\n<\/tr>\n<tr>\n<td width=\"47\">\n<p>2<\/p>\n<\/td>\n<td width=\"267\">\n<p>Rekolekcje szkolne &#8211; misje<\/p>\n<\/td>\n<td width=\"313\">\n<p><strong>16.wrze\u015bnia 2025 r.<\/strong><\/p>\n<\/td>\n<\/tr>\n<tr>\n<td width=\"47\">\n<p>3<\/p>\n<\/td>\n<td width=\"267\">\n<p><strong>Dodatkowe dni wolne od zaj\u0119\u0107 dydaktyczno &#8211; wychowawczych<\/strong><\/p>\n<\/td>\n<td width=\"313\">\n<p><strong>10 listopada 2025 r.<\/strong><\/p>\n<p><strong>\u00a0<\/strong><\/p>\n<p><strong><em><u>Podstawa prawna:<\/u><\/em><\/strong><\/p>\n<p><em>\u00a7 5 ust 1 pkt 1 <\/em><em>rozporz\u0105dzenia Ministra Edukacji Narodowej i Sportu z dnia 11 sierpnia 2017 r. w sprawie organizacji roku szkolnego (Dz. U z 2023 r.. poz. 1211)<\/em><\/p>\n<p><strong>\u00a0<\/strong><\/p>\n<\/td>\n<\/tr>\n<tr>\n<td width=\"47\">4<\/td>\n<td width=\"267\">\n<p>Zimowa przerwa \u015bwi\u0105teczna<\/p>\n<\/td>\n<td width=\"313\">\n<p><strong>22 &#8211; 31 grudnia 2025 r.<\/strong><\/p>\n<p><u><br \/><strong><em>Podstawa prawna:<\/em><\/strong> <\/u><\/p>\n<p><em>&#8211; \u00a7 3 ust 1 pkt 1 <\/em><em>rozporz\u0105dzenia Ministra Edukacji Narodowej i Sportu z dnia 11 sierpnia 2017 r. w sprawie organizacji roku szkolnego (Dz. U z 2023 r.. poz. 1211)<\/em><\/p>\n<\/td>\n<\/tr>\n<tr>\n<td width=\"47\">\n<p>5<\/p>\n<\/td>\n<td width=\"267\">\n<p><strong>Dodatkowe dni wolne od zaj\u0119\u0107 dydaktyczno &#8211; wychowawczych<\/strong><\/p>\n<\/td>\n<td width=\"313\">\n<p><strong>2, 5 stycznia 2026 r.<\/strong><\/p>\n<p><strong>\u00a0<\/strong><\/p>\n<p><strong><u>Podstawa prawna:<\/u><\/strong><\/p>\n<p><em>\u00a7 5 ust 1 pkt 1 <\/em><em>rozporz\u0105dzenia Ministra Edukacji Narodowej i Sportu z dnia 11 sierpnia 2017 r. w sprawie organizacji roku szkolnego (Dz. U z 2023 r.. poz. 1211)<\/em><\/p>\n<p><strong>\u00a0<\/strong><\/p>\n<\/td>\n<\/tr>\n<tr>\n<td width=\"47\">\n<p>6.\u00a0\u00a0\u00a0 \u00a0<\/p>\n<\/td>\n<td width=\"267\">\n<p>\u00a0Ferie zimowe<\/p>\n<\/td>\n<td width=\"313\">\n<p>\u00a0<strong>16.02. \u2013 01.03.2026 r.<\/strong>\u00a0 <strong>\u00a0<\/strong><\/p>\n<p><em><strong><u>Podstawa prawna:<\/u><\/strong><\/em><br \/><em>&#8211; \u00a7 3 ust 1 pkt 2 <\/em><em>rozporz\u0105dzenia Ministra Edukacji Narodowej i Sportu z dnia 11 sierpnia 2017 r. w sprawie organizacji roku szkolnego (Dz. U z 2023 r.. poz. 1211)<\/em><\/p>\n<\/td>\n<\/tr>\n<tr>\n<td width=\"47\">7<\/td>\n<td width=\"267\">\n<p>Rekolekcje Wielkopostne<\/p>\n<\/td>\n<td width=\"313\">\n<p>Ustalaj\u0105 w\u0142adze ko\u015bcielne<\/p>\n<\/td>\n<\/tr>\n<tr>\n<td width=\"47\">\n<p>8.\u00a0\u00a0\u00a0 \u00a0<\/p>\n<\/td>\n<td width=\"267\">\n<p>\u00a0Wiosenna przerwa \u015bwi\u0105teczna<\/p>\n<p>\u00a0<\/p>\n<\/td>\n<td width=\"313\">\n<h4>02 \u2013 07 kwietnia 2026 r.<\/h4>\n<p><br \/><strong><em><u>Podstawa prawna:<\/u><\/em><\/strong><em><br \/><\/em><em>&#8211; \u00a7 3 ust 1 pkt 3 <\/em><em>rozporz\u0105dzenia Ministra Edukacji Narodowej i Sportu z dnia 11 sierpnia 2017 r. w sprawie organizacji roku szkolnego <\/em><em>(Dz. U z 2023 r.. poz. 1211)<\/em><\/p>\n<\/td>\n<\/tr>\n<tr>\n<td width=\"47\">\n<p>9.\u00a0\u00a0\u00a0 \u00a0<\/p>\n<\/td>\n<td width=\"267\">\n<p>Egzamin \u00f3smoklasisty<\/p>\n<\/td>\n<td width=\"313\">\n<h4><em>11 -13 maja\u00a0 2026 r.<\/em><\/h4>\n<h4><em>Komunikat dyrektora CKE<\/em><\/h4>\n<\/td>\n<\/tr>\n<tr>\n<td width=\"47\">10<\/td>\n<td width=\"267\">\n<p><strong>Dodatkowy dzie\u0144 wolny od zaj\u0119\u0107 dydaktyczno &#8211; wychowawczych<\/strong><\/p>\n<\/td>\n<td width=\"313\">\n<p><strong>05 czerwca 2026 r.<\/strong><\/p>\n<p><strong><em><u>Podstawa prawna:<\/u><\/em><\/strong><\/p>\n<p><em>&#8211; \u00a7 5 ust 1 pkt 1 <\/em><em>rozporz\u0105dzenia Ministra Edukacji Narodowej i Sportu z dnia 11 sierpnia 2017 r. w sprawie organizacji roku szkolnego (Dz. U z 2023 r.. poz. 1211)<\/em><\/p>\n<\/td>\n<\/tr>\n<tr>\n<td width=\"47\">\n<p>11. \u00a0<\/p>\n<\/td>\n<td width=\"267\">\n<p>Zako\u0144czenie zaj\u0119\u0107 dydaktyczno-wychowawczych w szko\u0142ach<\/p>\n<\/td>\n<td width=\"313\">\n<h4>26 czerwca 2026 r.<\/h4>\n<p><br \/><em><strong><u>Podstawa prawna:<\/u><\/strong><\/em><u><br \/><\/u><em>&#8211; \u00a7 2 ust 1 <\/em><em>rozporz\u0105dzenia Ministra Edukacji Narodowej i Sportu z dnia 11 sierpnia 2017 r. \u00a0w sprawie organizacji roku szkolnego <\/em><em>(Dz. U\u00a0 \u00a0z 2023 r.. poz. 1211)<\/em><\/p>\n<\/td>\n<\/tr>\n<tr>\n<td width=\"47\">12<\/td>\n<td width=\"267\">\n<p>Ferie letnie<\/p>\n<\/td>\n<td width=\"313\">\n<h4>27 czerwca &#8211; 31 sierpnia 2026 r.<\/h4>\n<p><br \/><em><strong><u>Podstawa prawna:<\/u><\/strong><\/em><br \/><em>&#8211; \u00a7 3 ust 1 pkt 4 <\/em><em>rozporz\u0105dzenia Ministra Edukacji Narodowej i Sportu z dnia 11 sierpnia 2017 r. w sprawie organizacji roku szkolnego <\/em><em>(Dz. U z 2023 r.. poz. 1211)<\/em><\/p>\n<\/td>\n<\/tr>\n<\/tbody>\n<\/table>\n<p>\u00a0<\/p>\n<p>\u00a0<\/p>\n<p>\u00a0<\/p>\n<p>\u00a0<\/p>\n","protected":false},"excerpt":{"rendered":"<p>Kalendarz roku szkolnego 2025\/2026 \u00a0 \u00a0 Rozpocz\u0119cie zaj\u0119\u0107 dydaktyczno-wychowawczych 1 wrze\u015bnia 2025 r. Podstawa prawna: &#8211; \u00a7 2 ust. 1 rozporz\u0105dzenia Ministra Edukacji Narodowej z dnia 11 sierpnia 2017 r. [&hellip;]<\/p>\n","protected":false},"author":1,"featured_media":0,"parent":0,"menu_order":0,"comment_status":"closed","ping_status":"closed","template":"","meta":[],"_links":{"self":[{"href":"http:\/\/spzduny.pl\/index.php?rest_route=\/wp\/v2\/pages\/299"}],"collection":[{"href":"http:\/\/spzduny.pl\/index.php?rest_route=\/wp\/v2\/pages"}],"about":[{"href":"http:\/\/spzduny.pl\/index.php?rest_route=\/wp\/v2\/types\/page"}],"author":[{"embeddable":true,"href":"http:\/\/spzduny.pl\/index.php?rest_route=\/wp\/v2\/users\/1"}],"replies":[{"embeddable":true,"href":"http:\/\/spzduny.pl\/index.php?rest_route=%2Fwp%2Fv2%2Fcomments&post=299"}],"version-history":[{"count":22,"href":"http:\/\/spzduny.pl\/index.php?rest_route=\/wp\/v2\/pages\/299\/revisions"}],"predecessor-version":[{"id":53662,"href":"http:\/\/spzduny.pl\/index.php?rest_route=\/wp\/v2\/pages\/299\/revisions\/53662"}],"wp:attachment":[{"href":"http:\/\/spzduny.pl\/index.php?rest_route=%2Fwp%2Fv2%2Fmedia&parent=299"}],"curies":[{"name":"wp","href":"https:\/\/api.w.org\/{rel}","templated":true}]}}