{"id":309,"date":"2018-03-19T15:05:29","date_gmt":"2018-03-19T15:05:29","guid":{"rendered":"http:\/\/spzduny.pl\/?page_id=309"},"modified":"2026-02-02T11:32:07","modified_gmt":"2026-02-02T11:32:07","slug":"biblioteka","status":"publish","type":"page","link":"http:\/\/spzduny.pl\/?page_id=309","title":{"rendered":"Biblioteka"},"content":{"rendered":"\n<h4 style=\"text-align: center;\"><strong>Biblioteka szkolna\u00a0<\/strong><\/h4>\n<h4 style=\"text-align: center;\"><strong>mgr Alina Szczuraszek<\/strong><\/h4>\n<p>Plan obowi\u0105zuje od 02 lutego 2026r.<\/p>\n\n\n\n<table style=\"width: 46.9048%; height: 633px;\">\n<tbody>\n<tr style=\"height: 122px;\">\n<td style=\"height: 122px; width: 22.8571%;\" width=\"175\">\n<p><strong>Poniedzia\u0142ek<\/strong><\/p>\n<\/td>\n<td style=\"height: 122px; width: 23.0953%;\" width=\"170\">\n<p><strong>7.15 \u2013 10.35<\/strong><\/p>\n<p><strong>11.20 \u2013 15.10<\/strong><\/p>\n<\/td>\n<\/tr>\n<tr style=\"height: 160px;\">\n<td style=\"height: 160px; width: 22.8571%;\" width=\"175\">\n<p><strong>Wtorek<\/strong><\/p>\n<\/td>\n<td style=\"height: 160px; width: 23.0953%;\" width=\"170\">\n<p><strong>7.30 \u2013 10.35<\/strong><\/p>\n<p><strong>11.20 \u2013 14.50<\/strong><\/p>\n<\/td>\n<\/tr>\n<tr style=\"height: 136px;\">\n<td style=\"height: 136px; width: 22.8571%;\" width=\"175\">\n<p><strong>\u015aroda<\/strong><\/p>\n<\/td>\n<td style=\"height: 136px; width: 23.0953%;\" width=\"170\">\n<p><strong>7.30 \u2013 8.00<\/strong><\/p>\n<p><strong>8.45 \u2013 14.00<\/strong><\/p>\n<\/td>\n<\/tr>\n<tr style=\"height: 84px;\">\n<td style=\"height: 84px; width: 22.8571%;\" width=\"175\">\n<p><strong>Czwartek<\/strong><\/p>\n<\/td>\n<td style=\"height: 84px; width: 23.0953%;\" width=\"170\">\n<p><strong>7.15 \u2013 8.00<\/strong><\/p>\n<p><strong>8.45 &#8211; 13.35<\/strong><\/p>\n<\/td>\n<\/tr>\n<tr style=\"height: 131px;\">\n<td style=\"height: 131px; width: 22.8571%;\" width=\"175\">\n<p><strong>Pi\u0105tek<\/strong><\/p>\n<\/td>\n<td style=\"height: 131px; width: 23.0953%;\" width=\"170\">\n<p><strong>7.30 \u2013 8.00<\/strong><\/p>\n<p><strong>9.35 \u2013 14.00<\/strong><\/p>\n<\/td>\n<\/tr>\n<\/tbody>\n<\/table>\n\n\n<h3 id=\"mcetoc_1c8vfn0ac0\" align=\"center\"><span style=\"font-family: Verdana;\"><b><a title=\"biblioteka\" href=\"http:\/\/zs.zduny.pl\/biblioteka\/2.jpg\" rel=\"lightbox[bibl1]\"><span style=\"font-family: Verdana; font-size: small;\"><img loading=\"lazy\" class=\"bordered alignleft\" src=\"http:\/\/zs.zduny.pl\/biblioteka\/2.jpg\" width=\"400\" vspace=\"10\" hspace=\"10\" height=\"300\" align=\"left\"><\/span><\/a><\/b><\/span>Nasze zbiory<\/h3>\n<p><b> <\/b><b> <span style=\"font-family: Verdana; font-size: small;\"> <img loading=\"lazy\" src=\"http:\/\/zs.zduny.pl\/grafika\/wiecej.jpg\" width=\"17\" height=\"16\" border=\"0\"><\/span> <\/b> <span style=\"font-family: Verdana; font-size: small;\">wydawnictwa edukacyjne \u2013 encyklopedie, s\u0142owniki,<br><img loading=\"lazy\" src=\"http:\/\/zs.zduny.pl\/grafika\/wiecej.jpg\" width=\"17\" height=\"16\" border=\"0\"> programy nauczania dla nauczycieli,<br><\/span> <span style=\"font-family: Verdana; font-size: small;\"> <img loading=\"lazy\" src=\"http:\/\/zs.zduny.pl\/grafika\/wiecej.jpg\" width=\"17\" height=\"16\" border=\"0\"><\/span><span style=\"font-family: Verdana; font-size: small;\"> lektury p<\/span><span style=\"font-family: Verdana; font-size: small;\">odstawowe i uzupe\u0142niaj\u0105ce do j\u0119zyka polskiego,<br><\/span> <span style=\"font-family: Verdana; font-size: small;\"> <img loading=\"lazy\" src=\"http:\/\/zs.zduny.pl\/grafika\/wiecej.jpg\" width=\"17\" height=\"16\" border=\"0\"><\/span><span style=\"font-family: Verdana; font-size: small;\"> zbiory audiowizualne (kasety video, p\u0142yty CD),<br><\/span> <span style=\"font-family: Verdana; font-size: small;\"> <img loading=\"lazy\" src=\"http:\/\/zs.zduny.pl\/grafika\/wiecej.jpg\" width=\"17\" height=\"16\" border=\"0\"><\/span><span style=\"font-family: Verdana; font-size: small;\"> dokumenty \u017cycia szko\u0142y (regulaminy, statuty i inne),<br><\/span> <span style=\"font-family: Verdana; font-size: small;\"> <img loading=\"lazy\" src=\"http:\/\/zs.zduny.pl\/grafika\/wiecej.jpg\" width=\"17\" height=\"16\" border=\"0\"><\/span><span style=\"font-family: Verdana; font-size: small;\"> literatura popularnonaukowa,<br><img loading=\"lazy\" src=\"http:\/\/zs.zduny.pl\/grafika\/wiecej.jpg\" width=\"17\" height=\"16\" border=\"0\"> beletrystyka pozalekturowa,<br><\/span> <span style=\"font-family: Verdana; font-size: small;\"> <img loading=\"lazy\" src=\"http:\/\/zs.zduny.pl\/grafika\/wiecej.jpg\" width=\"17\" height=\"16\" border=\"0\"><\/span><span style=\"font-family: Verdana; font-size: small;\"> prasa dla uczni\u00f3w i nauczycieli,<br><\/span> <span style=\"font-family: Verdana; font-size: small;\"> <img loading=\"lazy\" src=\"http:\/\/zs.zduny.pl\/grafika\/wiecej.jpg\" width=\"17\" height=\"16\" border=\"0\"><\/span><span style=\"font-family: Verdana;\"><span style=\"font-size: small;\"> wydawnictwa z zakresu psychologii, pedagogiki, filozofii, socjologii i dydaktyk r\u00f3\u017cnych przedmiot\u00f3w nauczania.<br>Ksi\u0119gozbi\u00f3r biblioteki jest powi\u0119kszany i liczy obecnie 8334 woluminy. Zbiory zosta\u0142y sklasyfikowane wed\u0142ug Uniwersalnej Klasyfikacji Dziesi\u0119tnej \u2013 UKD. Do dyspozycji czytelnik\u00f3w s\u0105 tradycyjne katalogi kartkowe.<br>Staramy si\u0119 nad\u0105\u017cy\u0107 za zmieniaj\u0105cymi si\u0119 wymaganiami i preferencjami naszych czytelnik\u00f3w. Fundusze na zakup ksi\u0105\u017cek pochodz\u0105 g\u0142\u00f3wnie z Rady Rodzic\u00f3w i bud\u017cetu szko\u0142y.<\/span><\/span><\/p>\n<div align=\"justify\">&nbsp;<\/div>\n\n\n<h6><a href=\"http:\/\/spzduny.pl\/?p=23801\">Regulaminy konkurs\u00f3w i list otwarty skierowany do rodzic\u00f3w.<\/a><\/h6>\n<h6><a href=\"http:\/\/spzduny.pl\/?p=21657\">Wyniki konkursu &#8222;Biblioteka moich marze\u0144&#8221;<\/a><\/h6>\n<h6 style=\"text-align: left;\"><a href=\"http:\/\/spzduny.pl\/?p=19061\">Wyniki konkurs\u00f3w czytelniczych.<\/a><\/h6>\n<p><a href=\"http:\/\/spzduny.pl\/?p=15570\"><strong>Wyniki konkursu plastycznego ILUSTRACJA DO ULUBIONEJ KSI\u0104\u017bKI &#8211; czerwiec 2020r.<\/strong><\/a><\/p>\n<p><a href=\"http:\/\/spzduny.pl\/wp-content\/uploads\/2020\/04\/Biblioteka-poleca-3.pdf\"><strong>Biblioteka poleca<\/strong><\/a><\/p>\n<h6><a href=\"http:\/\/spzduny.pl\/?p=24355\">Pasowanie na czytelnika w klasach I.<\/a><\/h6>\n<p><strong><a href=\"http:\/\/spzduny.pl\/?p=27255\">Og\u00f3lnopolski Dzie\u0144 G\u0142o\u015bnego Czytania.<\/a><\/strong><\/p>\n<p><a href=\"http:\/\/spzduny.pl\/?p=29183\"><strong>Mi\u0119dzynarodowy Dzie\u0144 Postaci z Bajek<\/strong><\/a><\/p>\n<p><strong><a href=\"http:\/\/spzduny.pl\/?p=31307\">KONKURS PI\u0118KNEGO CZYTANIA dla klas IV<\/a><\/strong><\/p>\n<p><strong><a href=\"http:\/\/spzduny.pl\/?p=31355\">\u015awi\u0105teczny konkurs recytatorski<\/a><\/strong><\/p>\n<p><strong><a href=\"http:\/\/spzduny.pl\/?p=32343\">KONKURS WALENTYNKOWY ROZSTRZYGNI\u0118TY<\/a><\/strong><\/p>\n<p><strong><a href=\"http:\/\/spzduny.pl\/?p=32667\">\u201eCZYJE TO DZIE\u0141O?\u201d<\/a><\/strong><\/p>\n<h4>&nbsp;<\/h4>\n<h4>Biblioteka zaprasza do konkursu (9.04.2020r.):<\/h4>\n<p><a href=\"http:\/\/spzduny.pl\/wp-content\/uploads\/2020\/04\/biblioteka1.jpg\"><img loading=\"lazy\" class=\"\" src=\"http:\/\/spzduny.pl\/wp-content\/uploads\/2020\/04\/biblioteka1-206x300.jpg\" alt=\"Obrazek posiada pusty atrybut alt; plik o nazwie biblioteka1-206x300.jpg\" width=\"216\" height=\"315\"><\/a><a href=\"http:\/\/spzduny.pl\/wp-content\/uploads\/2020\/04\/biblioteka2.jpg\"><img loading=\"lazy\" class=\"\" src=\"http:\/\/spzduny.pl\/wp-content\/uploads\/2020\/04\/biblioteka2-234x300.jpg\" alt=\"Obrazek posiada pusty atrybut alt; plik o nazwie biblioteka2-234x300.jpg\" width=\"250\" height=\"321\"><\/a><a href=\"http:\/\/spzduny.pl\/wp-content\/uploads\/2020\/04\/biblioteka3.jpg\"><img loading=\"lazy\" class=\"\" src=\"http:\/\/spzduny.pl\/wp-content\/uploads\/2020\/04\/biblioteka3-231x300.jpg\" alt=\"Obrazek posiada pusty atrybut alt; plik o nazwie biblioteka3-231x300.jpg\" width=\"246\" height=\"319\"><\/a><\/p>\n<p>&nbsp;<\/p>\n<h6><a href=\"http:\/\/spzduny.pl\/wp-content\/uploads\/2020\/03\/Propozycje-Biblioteki.pdf\">Propozycje biblioteki na okres zagro\u017cenia epidemiczngo<\/a><\/h6>\n<h6><a href=\"http:\/\/spzduny.pl\/wp-content\/uploads\/2020\/04\/Propozycje-Biblioteki-2.pdf\">Propozycje biblioteki na okres zagro\u017cenia epidemiczngo<\/a><\/h6>\n<p>&nbsp;<\/p>\n<p>&nbsp;<\/p>\n<hr>\n<h4><a href=\"http:\/\/spzduny.pl\/?p=13524\">WYPO\u017bYCZ KSI\u0104\u017bK\u0118 NA FERIE \u015aWI\u0104TECZNE I ZIMOWE, A NIE B\u0118DZIESZ SI\u0118 NUDZI\u0106 !!!<\/a><\/h4>\n<p><a href=\"http:\/\/spzduny.pl\/?p=13524\"><img loading=\"lazy\" class=\"aligncenter\" src=\"http:\/\/spzduny.pl\/wp-content\/uploads\/2019\/12\/wyp1-248x300.png\" alt=\"Obrazek posiada pusty atrybut alt; plik o nazwie wyp1-248x300.png\" width=\"248\" height=\"300\"><\/a><\/p>\n<p>&nbsp;<\/p>\n<hr>\n<h4><strong>Mi\u0119dzynarodowy Dzie\u0144 Postaci z Bajek<\/strong><\/h4>\n<p>Tak prezentowa\u0142a si\u0119 klasa I a 14 listopada&nbsp; podczas Mi\u0119dzynarodowego&nbsp; Dnia Postaci z Bajek.&nbsp;&nbsp;&nbsp; Miejmy nadziej\u0119, \u017ce ten dzie\u0144&nbsp; stanie si\u0119&nbsp; doskona\u0142\u0105 okazj\u0105 do rozwijania zainteresowa\u0144 czytelniczych,&nbsp; a&nbsp; czytanie ksi\u0105\u017cek dostarczy du\u017co rado\u015bci i&nbsp; rozwinie wyobra\u017ani\u0119.<\/p>\n\n\n\n<figure class=\"wp-block-image\"><img alt=\"\"\/><\/figure>\n\n\n\n<figure class=\"wp-block-gallery columns-4 is-cropped\"><ul class=\"blocks-gallery-grid\"><li class=\"blocks-gallery-item\"><figure><a href=\"http:\/\/spzduny.pl\/wp-content\/uploads\/2019\/11\/20191114_112523.jpg\"><img loading=\"lazy\" width=\"1024\" height=\"576\" src=\"http:\/\/spzduny.pl\/wp-content\/uploads\/2019\/11\/20191114_112523-1024x576.jpg\" alt=\"\" data-id=\"12033\" data-full-url=\"http:\/\/spzduny.pl\/wp-content\/uploads\/2019\/11\/20191114_112523.jpg\" data-link=\"http:\/\/spzduny.pl\/?attachment_id=12033\" class=\"wp-image-12033\" srcset=\"http:\/\/spzduny.pl\/wp-content\/uploads\/2019\/11\/20191114_112523.jpg 1024w, http:\/\/spzduny.pl\/wp-content\/uploads\/2019\/11\/20191114_112523-300x169.jpg 300w, http:\/\/spzduny.pl\/wp-content\/uploads\/2019\/11\/20191114_112523-768x432.jpg 768w, http:\/\/spzduny.pl\/wp-content\/uploads\/2019\/11\/20191114_112523-135x75.jpg 135w\" sizes=\"(max-width: 1024px) 100vw, 1024px\" \/><\/a><\/figure><\/li><li class=\"blocks-gallery-item\"><figure><a href=\"http:\/\/spzduny.pl\/wp-content\/uploads\/2019\/11\/20191114_104249.jpg\"><img loading=\"lazy\" width=\"1024\" height=\"576\" src=\"http:\/\/spzduny.pl\/wp-content\/uploads\/2019\/11\/20191114_104249-1024x576.jpg\" alt=\"\" data-id=\"12032\" data-full-url=\"http:\/\/spzduny.pl\/wp-content\/uploads\/2019\/11\/20191114_104249.jpg\" data-link=\"http:\/\/spzduny.pl\/?attachment_id=12032\" class=\"wp-image-12032\" srcset=\"http:\/\/spzduny.pl\/wp-content\/uploads\/2019\/11\/20191114_104249.jpg 1024w, http:\/\/spzduny.pl\/wp-content\/uploads\/2019\/11\/20191114_104249-300x169.jpg 300w, http:\/\/spzduny.pl\/wp-content\/uploads\/2019\/11\/20191114_104249-768x432.jpg 768w, http:\/\/spzduny.pl\/wp-content\/uploads\/2019\/11\/20191114_104249-135x75.jpg 135w\" sizes=\"(max-width: 1024px) 100vw, 1024px\" \/><\/a><\/figure><\/li><li class=\"blocks-gallery-item\"><figure><a href=\"http:\/\/spzduny.pl\/wp-content\/uploads\/2019\/11\/20191114_104138.jpg\"><img loading=\"lazy\" width=\"1024\" height=\"576\" src=\"http:\/\/spzduny.pl\/wp-content\/uploads\/2019\/11\/20191114_104138-1024x576.jpg\" alt=\"\" data-id=\"12031\" data-full-url=\"http:\/\/spzduny.pl\/wp-content\/uploads\/2019\/11\/20191114_104138.jpg\" data-link=\"http:\/\/spzduny.pl\/?attachment_id=12031\" class=\"wp-image-12031\" srcset=\"http:\/\/spzduny.pl\/wp-content\/uploads\/2019\/11\/20191114_104138.jpg 1024w, http:\/\/spzduny.pl\/wp-content\/uploads\/2019\/11\/20191114_104138-300x169.jpg 300w, http:\/\/spzduny.pl\/wp-content\/uploads\/2019\/11\/20191114_104138-768x432.jpg 768w, http:\/\/spzduny.pl\/wp-content\/uploads\/2019\/11\/20191114_104138-135x75.jpg 135w\" sizes=\"(max-width: 1024px) 100vw, 1024px\" \/><\/a><\/figure><\/li><li class=\"blocks-gallery-item\"><figure><a href=\"http:\/\/spzduny.pl\/wp-content\/uploads\/2019\/11\/20191114_104003.jpg\"><img loading=\"lazy\" width=\"1024\" height=\"576\" src=\"http:\/\/spzduny.pl\/wp-content\/uploads\/2019\/11\/20191114_104003-1024x576.jpg\" alt=\"\" data-id=\"12030\" data-full-url=\"http:\/\/spzduny.pl\/wp-content\/uploads\/2019\/11\/20191114_104003.jpg\" data-link=\"http:\/\/spzduny.pl\/?attachment_id=12030\" class=\"wp-image-12030\" srcset=\"http:\/\/spzduny.pl\/wp-content\/uploads\/2019\/11\/20191114_104003.jpg 1024w, http:\/\/spzduny.pl\/wp-content\/uploads\/2019\/11\/20191114_104003-300x169.jpg 300w, http:\/\/spzduny.pl\/wp-content\/uploads\/2019\/11\/20191114_104003-768x432.jpg 768w, http:\/\/spzduny.pl\/wp-content\/uploads\/2019\/11\/20191114_104003-135x75.jpg 135w\" sizes=\"(max-width: 1024px) 100vw, 1024px\" \/><\/a><\/figure><\/li><\/ul><\/figure>\n\n\n\n<figure class=\"wp-block-gallery columns-0 is-cropped\"><ul class=\"blocks-gallery-grid\"><\/ul><\/figure>\n\n\n\n<p><a href=\"http:\/\/spzduny.pl\/wp-content\/uploads\/2019\/10\/slodziaki.pdf\"><strong>UWAGA !!!<\/strong><strong> &nbsp;&nbsp; KONKURSY W BIBLIOTECE<\/strong> &#8211;&nbsp;&nbsp; <\/a><strong>\u201eCZYTAMY ZE S\u0141ODZIAKAMI\u201d DLA KLAS I \u2013 III <\/strong><\/p>\n\n\n\n<div class=\"wp-block-image\"><figure class=\"aligncenter is-resized\"><a href=\"http:\/\/spzduny.pl\/wp-content\/uploads\/2019\/10\/slodziaki.pdf\"><img loading=\"lazy\" src=\"http:\/\/spzduny.pl\/wp-content\/uploads\/2019\/10\/slodziaki.jpg\" alt=\"\" class=\"wp-image-10678\" width=\"337\" height=\"284\" srcset=\"http:\/\/spzduny.pl\/wp-content\/uploads\/2019\/10\/slodziaki.jpg 673w, http:\/\/spzduny.pl\/wp-content\/uploads\/2019\/10\/slodziaki-300x253.jpg 300w\" sizes=\"(max-width: 337px) 100vw, 337px\" \/><\/a><figcaption><br><\/figcaption><\/figure><\/div>\n\n\n\n<figure class=\"wp-block-image\"><a href=\"http:\/\/spzduny.pl\/wp-content\/uploads\/2019\/09\/NARODOWY-PROGRAM-ROZWOJU-CZYTELNICTWA.pdf\"><img loading=\"lazy\" width=\"659\" height=\"457\" src=\"http:\/\/spzduny.pl\/wp-content\/uploads\/2019\/09\/npcz.png\" alt=\"\" class=\"wp-image-10345\" srcset=\"http:\/\/spzduny.pl\/wp-content\/uploads\/2019\/09\/npcz.png 659w, http:\/\/spzduny.pl\/wp-content\/uploads\/2019\/09\/npcz-300x208.png 300w\" sizes=\"(max-width: 659px) 100vw, 659px\" \/><\/a><\/figure>\n\n\n","protected":false},"excerpt":{"rendered":"<p>Biblioteka szkolna\u00a0 mgr Alina Szczuraszek Plan obowi\u0105zuje od 02 lutego 2026r. Poniedzia\u0142ek 7.15 \u2013 10.35 11.20 \u2013 15.10 Wtorek 7.30 \u2013 10.35 11.20 \u2013 14.50 \u015aroda 7.30 \u2013 8.00 8.45 [&hellip;]<\/p>\n","protected":false},"author":1,"featured_media":0,"parent":0,"menu_order":0,"comment_status":"closed","ping_status":"closed","template":"","meta":[],"_links":{"self":[{"href":"http:\/\/spzduny.pl\/index.php?rest_route=\/wp\/v2\/pages\/309"}],"collection":[{"href":"http:\/\/spzduny.pl\/index.php?rest_route=\/wp\/v2\/pages"}],"about":[{"href":"http:\/\/spzduny.pl\/index.php?rest_route=\/wp\/v2\/types\/page"}],"author":[{"embeddable":true,"href":"http:\/\/spzduny.pl\/index.php?rest_route=\/wp\/v2\/users\/1"}],"replies":[{"embeddable":true,"href":"http:\/\/spzduny.pl\/index.php?rest_route=%2Fwp%2Fv2%2Fcomments&post=309"}],"version-history":[{"count":60,"href":"http:\/\/spzduny.pl\/index.php?rest_route=\/wp\/v2\/pages\/309\/revisions"}],"predecessor-version":[{"id":57728,"href":"http:\/\/spzduny.pl\/index.php?rest_route=\/wp\/v2\/pages\/309\/revisions\/57728"}],"wp:attachment":[{"href":"http:\/\/spzduny.pl\/index.php?rest_route=%2Fwp%2Fv2%2Fmedia&parent=309"}],"curies":[{"name":"wp","href":"https:\/\/api.w.org\/{rel}","templated":true}]}}