{"id":3673,"date":"2018-07-03T09:30:53","date_gmt":"2018-07-03T09:30:53","guid":{"rendered":"http:\/\/spzduny.pl\/?page_id=3673"},"modified":"2025-06-04T08:31:55","modified_gmt":"2025-06-04T08:31:55","slug":"wykaz-podrecznikow-klasy-1-3","status":"publish","type":"page","link":"http:\/\/spzduny.pl\/?page_id=3673","title":{"rendered":"Wykaz podr\u0119cznik\u00f3w i materia\u0142\u00f3w \u0107wiczeniowych dla klasy 1-3 w roku szkolnym 2025\/2026."},"content":{"rendered":"\n<figure class=\"wp-block-gallery columns-1\"><ul class=\"blocks-gallery-grid\"><li class=\"blocks-gallery-item\"><figure><a href=\"http:\/\/spzduny.pl\/wp-content\/uploads\/2025\/06\/I-III-SP-podreczniki-_page-0001.jpg\"><img loading=\"lazy\" width=\"1024\" height=\"574\" src=\"http:\/\/spzduny.pl\/wp-content\/uploads\/2025\/06\/I-III-SP-podreczniki-_page-0001-1024x574.jpg\" alt=\"\" data-id=\"52411\" data-full-url=\"http:\/\/spzduny.pl\/wp-content\/uploads\/2025\/06\/I-III-SP-podreczniki-_page-0001.jpg\" data-link=\"http:\/\/spzduny.pl\/?attachment_id=52411\" class=\"wp-image-52411\" srcset=\"http:\/\/spzduny.pl\/wp-content\/uploads\/2025\/06\/I-III-SP-podreczniki-_page-0001-1024x574.jpg 1024w, http:\/\/spzduny.pl\/wp-content\/uploads\/2025\/06\/I-III-SP-podreczniki-_page-0001-300x168.jpg 300w, http:\/\/spzduny.pl\/wp-content\/uploads\/2025\/06\/I-III-SP-podreczniki-_page-0001-768x430.jpg 768w, http:\/\/spzduny.pl\/wp-content\/uploads\/2025\/06\/I-III-SP-podreczniki-_page-0001-1536x860.jpg 1536w, http:\/\/spzduny.pl\/wp-content\/uploads\/2025\/06\/I-III-SP-podreczniki-_page-0001-135x75.jpg 135w, http:\/\/spzduny.pl\/wp-content\/uploads\/2025\/06\/I-III-SP-podreczniki-_page-0001-270x150.jpg 270w, http:\/\/spzduny.pl\/wp-content\/uploads\/2025\/06\/I-III-SP-podreczniki-_page-0001.jpg 1755w\" sizes=\"(max-width: 1024px) 100vw, 1024px\" \/><\/a><\/figure><\/li><li class=\"blocks-gallery-item\"><figure><a href=\"http:\/\/spzduny.pl\/wp-content\/uploads\/2025\/06\/I-III-SP-podreczniki-_page-0002.jpg\"><img loading=\"lazy\" width=\"1024\" height=\"416\" src=\"http:\/\/spzduny.pl\/wp-content\/uploads\/2025\/06\/I-III-SP-podreczniki-_page-0002-1024x416.jpg\" alt=\"\" data-id=\"52412\" data-full-url=\"http:\/\/spzduny.pl\/wp-content\/uploads\/2025\/06\/I-III-SP-podreczniki-_page-0002.jpg\" data-link=\"http:\/\/spzduny.pl\/?attachment_id=52412\" class=\"wp-image-52412\" srcset=\"http:\/\/spzduny.pl\/wp-content\/uploads\/2025\/06\/I-III-SP-podreczniki-_page-0002-1024x416.jpg 1024w, http:\/\/spzduny.pl\/wp-content\/uploads\/2025\/06\/I-III-SP-podreczniki-_page-0002-300x122.jpg 300w, http:\/\/spzduny.pl\/wp-content\/uploads\/2025\/06\/I-III-SP-podreczniki-_page-0002-768x312.jpg 768w, http:\/\/spzduny.pl\/wp-content\/uploads\/2025\/06\/I-III-SP-podreczniki-_page-0002-1536x624.jpg 1536w, http:\/\/spzduny.pl\/wp-content\/uploads\/2025\/06\/I-III-SP-podreczniki-_page-0002.jpg 1755w\" sizes=\"(max-width: 1024px) 100vw, 1024px\" \/><\/a><\/figure><\/li><li class=\"blocks-gallery-item\"><figure><a href=\"http:\/\/spzduny.pl\/wp-content\/uploads\/2025\/06\/I-III-SP-podreczniki-_page-0003.jpg\"><img loading=\"lazy\" width=\"1024\" height=\"512\" src=\"http:\/\/spzduny.pl\/wp-content\/uploads\/2025\/06\/I-III-SP-podreczniki-_page-0003-1024x512.jpg\" alt=\"\" data-id=\"52413\" data-full-url=\"http:\/\/spzduny.pl\/wp-content\/uploads\/2025\/06\/I-III-SP-podreczniki-_page-0003.jpg\" data-link=\"http:\/\/spzduny.pl\/?attachment_id=52413\" class=\"wp-image-52413\" srcset=\"http:\/\/spzduny.pl\/wp-content\/uploads\/2025\/06\/I-III-SP-podreczniki-_page-0003-1024x512.jpg 1024w, http:\/\/spzduny.pl\/wp-content\/uploads\/2025\/06\/I-III-SP-podreczniki-_page-0003-300x150.jpg 300w, http:\/\/spzduny.pl\/wp-content\/uploads\/2025\/06\/I-III-SP-podreczniki-_page-0003-768x384.jpg 768w, http:\/\/spzduny.pl\/wp-content\/uploads\/2025\/06\/I-III-SP-podreczniki-_page-0003-1536x768.jpg 1536w, http:\/\/spzduny.pl\/wp-content\/uploads\/2025\/06\/I-III-SP-podreczniki-_page-0003-820x410.jpg 820w, http:\/\/spzduny.pl\/wp-content\/uploads\/2025\/06\/I-III-SP-podreczniki-_page-0003-880x440.jpg 880w, http:\/\/spzduny.pl\/wp-content\/uploads\/2025\/06\/I-III-SP-podreczniki-_page-0003.jpg 1755w\" sizes=\"(max-width: 1024px) 100vw, 1024px\" \/><\/a><\/figure><\/li><li class=\"blocks-gallery-item\"><figure><a href=\"http:\/\/spzduny.pl\/wp-content\/uploads\/2025\/06\/MATERIALY-CWICZENIOWE-DO-EDUKACJI-WCZESNOSZKOLNEJ_page-0001.jpg\"><img loading=\"lazy\" width=\"1024\" height=\"421\" src=\"http:\/\/spzduny.pl\/wp-content\/uploads\/2025\/06\/MATERIALY-CWICZENIOWE-DO-EDUKACJI-WCZESNOSZKOLNEJ_page-0001-1024x421.jpg\" alt=\"\" data-id=\"52414\" data-full-url=\"http:\/\/spzduny.pl\/wp-content\/uploads\/2025\/06\/MATERIALY-CWICZENIOWE-DO-EDUKACJI-WCZESNOSZKOLNEJ_page-0001.jpg\" data-link=\"http:\/\/spzduny.pl\/?attachment_id=52414\" class=\"wp-image-52414\" srcset=\"http:\/\/spzduny.pl\/wp-content\/uploads\/2025\/06\/MATERIALY-CWICZENIOWE-DO-EDUKACJI-WCZESNOSZKOLNEJ_page-0001-1024x421.jpg 1024w, http:\/\/spzduny.pl\/wp-content\/uploads\/2025\/06\/MATERIALY-CWICZENIOWE-DO-EDUKACJI-WCZESNOSZKOLNEJ_page-0001-300x123.jpg 300w, http:\/\/spzduny.pl\/wp-content\/uploads\/2025\/06\/MATERIALY-CWICZENIOWE-DO-EDUKACJI-WCZESNOSZKOLNEJ_page-0001-768x316.jpg 768w, http:\/\/spzduny.pl\/wp-content\/uploads\/2025\/06\/MATERIALY-CWICZENIOWE-DO-EDUKACJI-WCZESNOSZKOLNEJ_page-0001-1536x632.jpg 1536w, http:\/\/spzduny.pl\/wp-content\/uploads\/2025\/06\/MATERIALY-CWICZENIOWE-DO-EDUKACJI-WCZESNOSZKOLNEJ_page-0001.jpg 1755w\" sizes=\"(max-width: 1024px) 100vw, 1024px\" \/><\/a><\/figure><\/li><li class=\"blocks-gallery-item\"><figure><a href=\"http:\/\/spzduny.pl\/wp-content\/uploads\/2025\/06\/MATERIALY-CWICZENIOWE-DO-EDUKACJI-WCZESNOSZKOLNEJ_page-0002.jpg\"><img loading=\"lazy\" width=\"1024\" height=\"365\" src=\"http:\/\/spzduny.pl\/wp-content\/uploads\/2025\/06\/MATERIALY-CWICZENIOWE-DO-EDUKACJI-WCZESNOSZKOLNEJ_page-0002-1024x365.jpg\" alt=\"\" data-id=\"52415\" data-full-url=\"http:\/\/spzduny.pl\/wp-content\/uploads\/2025\/06\/MATERIALY-CWICZENIOWE-DO-EDUKACJI-WCZESNOSZKOLNEJ_page-0002.jpg\" data-link=\"http:\/\/spzduny.pl\/?attachment_id=52415\" class=\"wp-image-52415\" srcset=\"http:\/\/spzduny.pl\/wp-content\/uploads\/2025\/06\/MATERIALY-CWICZENIOWE-DO-EDUKACJI-WCZESNOSZKOLNEJ_page-0002-1024x365.jpg 1024w, http:\/\/spzduny.pl\/wp-content\/uploads\/2025\/06\/MATERIALY-CWICZENIOWE-DO-EDUKACJI-WCZESNOSZKOLNEJ_page-0002-300x107.jpg 300w, http:\/\/spzduny.pl\/wp-content\/uploads\/2025\/06\/MATERIALY-CWICZENIOWE-DO-EDUKACJI-WCZESNOSZKOLNEJ_page-0002-768x274.jpg 768w, http:\/\/spzduny.pl\/wp-content\/uploads\/2025\/06\/MATERIALY-CWICZENIOWE-DO-EDUKACJI-WCZESNOSZKOLNEJ_page-0002-1536x547.jpg 1536w, http:\/\/spzduny.pl\/wp-content\/uploads\/2025\/06\/MATERIALY-CWICZENIOWE-DO-EDUKACJI-WCZESNOSZKOLNEJ_page-0002.jpg 1755w\" sizes=\"(max-width: 1024px) 100vw, 1024px\" \/><\/a><\/figure><\/li><li class=\"blocks-gallery-item\"><figure><a href=\"http:\/\/spzduny.pl\/wp-content\/uploads\/2025\/06\/MATERIALY-CWICZENIOWE-DO-EDUKACJI-WCZESNOSZKOLNEJ_page-0003.jpg\"><img loading=\"lazy\" width=\"1024\" height=\"393\" src=\"http:\/\/spzduny.pl\/wp-content\/uploads\/2025\/06\/MATERIALY-CWICZENIOWE-DO-EDUKACJI-WCZESNOSZKOLNEJ_page-0003-1024x393.jpg\" alt=\"\" data-id=\"52416\" data-full-url=\"http:\/\/spzduny.pl\/wp-content\/uploads\/2025\/06\/MATERIALY-CWICZENIOWE-DO-EDUKACJI-WCZESNOSZKOLNEJ_page-0003.jpg\" data-link=\"http:\/\/spzduny.pl\/?attachment_id=52416\" class=\"wp-image-52416\" srcset=\"http:\/\/spzduny.pl\/wp-content\/uploads\/2025\/06\/MATERIALY-CWICZENIOWE-DO-EDUKACJI-WCZESNOSZKOLNEJ_page-0003-1024x393.jpg 1024w, http:\/\/spzduny.pl\/wp-content\/uploads\/2025\/06\/MATERIALY-CWICZENIOWE-DO-EDUKACJI-WCZESNOSZKOLNEJ_page-0003-300x115.jpg 300w, http:\/\/spzduny.pl\/wp-content\/uploads\/2025\/06\/MATERIALY-CWICZENIOWE-DO-EDUKACJI-WCZESNOSZKOLNEJ_page-0003-768x295.jpg 768w, http:\/\/spzduny.pl\/wp-content\/uploads\/2025\/06\/MATERIALY-CWICZENIOWE-DO-EDUKACJI-WCZESNOSZKOLNEJ_page-0003-1536x589.jpg 1536w, http:\/\/spzduny.pl\/wp-content\/uploads\/2025\/06\/MATERIALY-CWICZENIOWE-DO-EDUKACJI-WCZESNOSZKOLNEJ_page-0003.jpg 1755w\" sizes=\"(max-width: 1024px) 100vw, 1024px\" \/><\/a><\/figure><\/li><\/ul><\/figure>\n\n\n","protected":false},"excerpt":{"rendered":"","protected":false},"author":1,"featured_media":0,"parent":0,"menu_order":0,"comment_status":"closed","ping_status":"closed","template":"","meta":[],"_links":{"self":[{"href":"http:\/\/spzduny.pl\/index.php?rest_route=\/wp\/v2\/pages\/3673"}],"collection":[{"href":"http:\/\/spzduny.pl\/index.php?rest_route=\/wp\/v2\/pages"}],"about":[{"href":"http:\/\/spzduny.pl\/index.php?rest_route=\/wp\/v2\/types\/page"}],"author":[{"embeddable":true,"href":"http:\/\/spzduny.pl\/index.php?rest_route=\/wp\/v2\/users\/1"}],"replies":[{"embeddable":true,"href":"http:\/\/spzduny.pl\/index.php?rest_route=%2Fwp%2Fv2%2Fcomments&post=3673"}],"version-history":[{"count":39,"href":"http:\/\/spzduny.pl\/index.php?rest_route=\/wp\/v2\/pages\/3673\/revisions"}],"predecessor-version":[{"id":52426,"href":"http:\/\/spzduny.pl\/index.php?rest_route=\/wp\/v2\/pages\/3673\/revisions\/52426"}],"wp:attachment":[{"href":"http:\/\/spzduny.pl\/index.php?rest_route=%2Fwp%2Fv2%2Fmedia&parent=3673"}],"curies":[{"name":"wp","href":"https:\/\/api.w.org\/{rel}","templated":true}]}}