{"id":3709,"date":"2018-08-28T13:33:28","date_gmt":"2018-08-28T13:33:28","guid":{"rendered":"http:\/\/spzduny.pl\/?page_id=3709"},"modified":"2025-09-01T09:06:12","modified_gmt":"2025-09-01T09:06:12","slug":"rozklad-jazdy-autobusu-szkolnego","status":"publish","type":"page","link":"http:\/\/spzduny.pl\/?page_id=3709","title":{"rendered":"Rozk\u0142ad jazdy autobusu szkolnego"},"content":{"rendered":"\n<p><strong><u>Rozk\u0142ad jazdy autobus\u00f3w\u00a0 <\/u><\/strong><strong><u>w roku szkolnym 2025\/2026<\/u><\/strong><\/p>\n<table style=\"border-collapse: collapse; width: 100%; height: 390px;\">\n<tbody>\n<tr style=\"height: 27px;\">\n<td style=\"width: 15.0585%; height: 27px;\">6<sup>40<\/sup><\/td>\n<td style=\"width: 84.9415%; height: 27px;\">odjazd (ranny ze Zdun w kierunku\u00a0 \u2013 Konarzew, Baszk\u00f3w)<\/td>\n<\/tr>\n<tr style=\"height: 23px;\">\n<td style=\"width: 100%; height: 23px;\" colspan=\"2\">\u00a0<strong> I i II autobus<\/strong><\/td>\n<\/tr>\n<tr style=\"height: 23px;\">\n<td style=\"width: 100%; height: 23px;\" colspan=\"2\"><strong>Pierwszy autobus kierunek \u2013 Konarzew &#8211; Perzyce (ranne dowozy)<\/strong><\/td>\n<\/tr>\n<tr style=\"height: 23px;\">\n<td style=\"width: 15.0585%; height: 23px;\">7 <sup>00<\/sup><\/td>\n<td style=\"width: 84.9415%; height: 23px;\">Konarzew<\/td>\n<\/tr>\n<tr style=\"height: 23px;\">\n<td style=\"width: 15.0585%; height: 23px;\">7 <sup>15<\/sup><\/td>\n<td style=\"width: 84.9415%; height: 23px;\">Perzyce \u2013 I przystanek (\u015bwietlica wiejska)<\/td>\n<\/tr>\n<tr style=\"height: 23px;\">\n<td style=\"width: 15.0585%; height: 23px;\">7<sup> 18<\/sup><\/td>\n<td style=\"width: 84.9415%; height: 23px;\">Perzyce \u2013 II przystanek (kapliczka)<\/td>\n<\/tr>\n<tr style=\"height: 23px;\">\n<td style=\"width: 15.0585%; height: 23px;\">7 <sup>22<\/sup><\/td>\n<td style=\"width: 84.9415%; height: 23px;\">Perzyce \u2013 przystanek przy drodze<\/td>\n<\/tr>\n<tr style=\"height: 23px;\">\n<td style=\"width: 15.0585%; height: 23px;\">7 <sup>28<\/sup><\/td>\n<td style=\"width: 84.9415%; height: 23px;\">Zduny\u00a0 &#8211; szko\u0142a<\/td>\n<\/tr>\n<tr style=\"height: 23px;\">\n<td style=\"width: 15.0585%; height: 23px;\">7 <sup>35<\/sup><\/td>\n<td style=\"width: 84.9415%; height: 23px;\">Chachalnia (Ujazd)<\/td>\n<\/tr>\n<tr style=\"height: 23px;\">\n<td style=\"width: 15.0585%; height: 23px;\">7 <sup>40<\/sup><\/td>\n<td style=\"width: 84.9415%; height: 23px;\">Chachalnia (\u015bwietlica wiejska)<\/td>\n<\/tr>\n<tr style=\"height: 26px;\">\n<td style=\"width: 15.0585%; height: 26px;\">7<sup> 43<\/sup><\/td>\n<td style=\"width: 84.9415%; height: 26px;\">Chachalnia (\u015awiate\u0142ko)<\/td>\n<\/tr>\n<tr style=\"height: 26px;\">\n<td style=\"width: 15.0585%; height: 26px;\">7<sup> 46<\/sup><\/td>\n<td style=\"width: 84.9415%; height: 26px;\">Chachalnia (stra\u017cnica OSP)<\/td>\n<\/tr>\n<tr style=\"height: 26px;\">\n<td style=\"width: 15.0585%; height: 26px;\">7 <sup>50<\/sup><\/td>\n<td style=\"width: 84.9415%; height: 26px;\">Chachalnia (Nowe Osiedle)<\/td>\n<\/tr>\n<tr style=\"height: 26px;\">\n<td style=\"width: 15.0585%; height: 26px;\">7 <sup>52<\/sup><\/td>\n<td style=\"width: 84.9415%; height: 26px;\">Chachalnia, Borownica<\/td>\n<\/tr>\n<tr style=\"height: 26px;\">\n<td style=\"width: 15.0585%; height: 26px;\">7 <sup>58<\/sup><\/td>\n<td style=\"width: 84.9415%; height: 26px;\">Zduny szko\u0142a<\/td>\n<\/tr>\n<tr style=\"height: 26px;\">\n<td style=\"width: 15.0585%; height: 26px;\">8<sup> 15<\/sup><\/td>\n<td style=\"width: 84.9415%; height: 26px;\">odw\u00f3z DPS do Konarzewa<\/td>\n<\/tr>\n<\/tbody>\n<\/table>\n<p><strong>Odwozy:<\/strong><\/p>\n<p><strong>I odw\u00f3z<\/strong><\/p>\n<table style=\"border-collapse: collapse; width: 100%;\">\n<tbody>\n<tr>\n<td style=\"width: 100%;\"><strong>12<sup>35<\/sup><\/strong>\u00a0 &#8211; Zduny w kierunku Konarzew, Perzyce<\/td>\n<\/tr>\n<tr>\n<td style=\"width: 100%;\">12<sup>45<\/sup> \u2013 Perzyce (przystanek przy drodze)<\/td>\n<\/tr>\n<tr>\n<td style=\"width: 100%;\">12<sup>50<\/sup> \u2013 Perzyce (\u015bwietlica wiejska)<\/td>\n<\/tr>\n<tr>\n<td style=\"width: 100%;\">12<sup>55<\/sup> \u2013 Perzyce (kapliczka)<\/td>\n<\/tr>\n<tr>\n<td style=\"width: 100%;\">13<sup>00<\/sup> \u2013 Konarzew (Dino)<\/td>\n<\/tr>\n<tr>\n<td style=\"width: 100%;\">13<sup>05<\/sup> \u2013 Konarzew (stara szko\u0142a)<\/td>\n<\/tr>\n<tr>\n<td style=\"width: 100%;\">13<sup>10<\/sup> \u2013 Konarzew (stra\u017cnica OSP)<\/td>\n<\/tr>\n<tr>\n<td style=\"width: 100%;\">13<sup>15<\/sup> \u2013 Konarzew (OSP)<\/td>\n<\/tr>\n<tr>\n<td style=\"width: 100%;\">13<sup>30<\/sup> \u2013 Zduny szko\u0142a<\/td>\n<\/tr>\n<\/tbody>\n<\/table>\n<p><strong>I odw\u00f3z<\/strong><\/p>\n<table style=\"border-collapse: collapse; width: 100%; height: 161px;\">\n<tbody>\n<tr style=\"height: 23px;\">\n<td style=\"width: 100%; height: 23px;\"><strong>13.35 <\/strong>\u2013 Zduny w kierunku Chachalnia<\/td>\n<\/tr>\n<tr style=\"height: 23px;\">\n<td style=\"width: 100%; height: 23px;\">13.46 \u2013 Chachalnia (Borownica)<\/td>\n<\/tr>\n<tr style=\"height: 23px;\">\n<td style=\"width: 100%; height: 23px;\">13.49 \u2013 Chachalnia (nowe osiedle)<\/td>\n<\/tr>\n<tr style=\"height: 23px;\">\n<td style=\"width: 100%; height: 23px;\">13.51 \u2013 Chachalnia (stra\u017cnica OSP)<\/td>\n<\/tr>\n<tr style=\"height: 23px;\">\n<td style=\"width: 100%; height: 23px;\">13.56 \u2013 Chachalnia (\u015awiate\u0142ko)<\/td>\n<\/tr>\n<tr style=\"height: 23px;\">\n<td style=\"width: 100%; height: 23px;\">13.59 \u2013 Chachalnia (\u015bwietlica wiejska)<\/td>\n<\/tr>\n<tr style=\"height: 23px;\">\n<td style=\"width: 100%; height: 23px;\">14.05 \u2013 Chachalnia (Ujazd)<\/td>\n<\/tr>\n<\/tbody>\n<\/table>\n<p><strong>II odw\u00f3z<\/strong><\/p>\n<table style=\"border-collapse: collapse; width: 100%;\">\n<tbody>\n<tr>\n<td style=\"width: 100%;\"><strong>14.30<\/strong> \u2013 Chachalnia (1 autobus)<\/td>\n<\/tr>\n<tr>\n<td style=\"width: 100%;\">14.36 \u2013 Chachalnia (Borownica)<\/td>\n<\/tr>\n<tr>\n<td style=\"width: 100%;\">14.39 \u2013 Chachalnia (nowe osiedle)<\/td>\n<\/tr>\n<tr>\n<td style=\"width: 100%;\">14.41 \u2013 Chachalnia (stra\u017cnica OSP)<\/td>\n<\/tr>\n<tr>\n<td style=\"width: 100%;\">14.44 \u2013 Chachalnia (\u015awiate\u0142ko)<\/td>\n<\/tr>\n<tr>\n<td style=\"width: 100%;\">14.46 \u2013 Chachalnia (\u015bwietlica wiejska)<\/td>\n<\/tr>\n<tr>\n<td style=\"width: 100%;\">14.51 \u2013 Chachalnia (Ujazd)<\/td>\n<\/tr>\n<tr>\n<td style=\"width: 100%;\">ok. 15.00\u2013 Zduny Szko\u0142a<\/td>\n<\/tr>\n<\/tbody>\n<\/table>\n<p><strong>II odw\u00f3z<\/strong><\/p>\n<table style=\"border-collapse: collapse; width: 100%; height: 207px;\">\n<tbody>\n<tr style=\"height: 23px;\">\n<td style=\"width: 100%; height: 23px;\"><strong>15.05 \u2013 Perzyce \u2013Konarzew<\/strong><\/td>\n<\/tr>\n<tr style=\"height: 23px;\">\n<td style=\"width: 100%; height: 23px;\">15.12\u2013 Perzyce (przystanek przy drodze)<\/td>\n<\/tr>\n<tr style=\"height: 23px;\">\n<td style=\"width: 100%; height: 23px;\">15.18\u2013 Perzyce (\u015bwietlica wiejska)<\/td>\n<\/tr>\n<tr style=\"height: 23px;\">\n<td style=\"width: 100%; height: 23px;\">15.22\u2013 Perzyce (kapliczka)<\/td>\n<\/tr>\n<tr style=\"height: 23px;\">\n<td style=\"width: 100%; height: 23px;\">15.29\u2013 Konarzew (Dino)<\/td>\n<\/tr>\n<tr style=\"height: 23px;\">\n<td style=\"width: 100%; height: 23px;\">15.34\u2013 Konarzew (stara szko\u0142a)<\/td>\n<\/tr>\n<tr style=\"height: 23px;\">\n<td style=\"width: 100%; height: 23px;\">15.38 \u2013 Konarzew (stra\u017cnica OSP)<\/td>\n<\/tr>\n<tr style=\"height: 23px;\">\n<td style=\"width: 100%; height: 23px;\">15.43 &#8211; Konarzew (OSW)<\/td>\n<\/tr>\n<tr style=\"height: 23px;\">\n<td style=\"width: 100%; height: 23px;\">16.00\u2013 Zduny DPS<\/td>\n<\/tr>\n<\/tbody>\n<\/table>\n<p><strong>II odw\u00f3z<\/strong><\/p>\n<p><strong>14.30<\/strong> \u2013 Baszk\u00f3w, Siejew, Piaski (2 autobus)<\/p>\n<p>W powy\u017cej podanym czasie uczniowie doje\u017cd\u017caj\u0105cy musz\u0105 przebywa\u0107 na przystanku szkolnym. Czas przejazdu mo\u017ce ulec zmianie ze wzgl\u0119du na sytuacj\u0119 panuj\u0105c\u0105 na drogach.<\/p>\n<p>Obowi\u0105zkiem rodzica jest zadba\u0107 o bezpieczn\u0105 drog\u0119 na przystanek i odebranie go z przystanku w wyznaczonym czasie przejazdu.<\/p>\n<p>Uczniowie, kt\u00f3rzy nie uko\u0144czyli si\u00f3dmego roku \u017cycia musz\u0105 by\u0107 przyprowadzane i odbierane przez osob\u0119 pe\u0142noletni\u0105. Odbi\u00f3r pozosta\u0142ych uczni\u00f3w zale\u017cy od rodzic\u00f3w, kt\u00f3rzy musz\u0105 oceni\u0107 stopie\u0144 zagro\u017cenia panuj\u0105cego na drodze.<\/p>\n<p><strong>W my\u015bl zalece\u0144 sanitarnych na czas epidemii\u00a0 rekomendowane jest zak\u0142adanie w autobusie szkolnym maseczek<\/strong>.<\/p>\n<p>\u00a0<\/p>\n","protected":false},"excerpt":{"rendered":"<p>Rozk\u0142ad jazdy autobus\u00f3w\u00a0 w roku szkolnym 2025\/2026 640 odjazd (ranny ze Zdun w kierunku\u00a0 \u2013 Konarzew, Baszk\u00f3w) \u00a0 I i II autobus Pierwszy autobus kierunek \u2013 Konarzew &#8211; Perzyce (ranne [&hellip;]<\/p>\n","protected":false},"author":1,"featured_media":3710,"parent":0,"menu_order":0,"comment_status":"closed","ping_status":"closed","template":"","meta":[],"_links":{"self":[{"href":"http:\/\/spzduny.pl\/index.php?rest_route=\/wp\/v2\/pages\/3709"}],"collection":[{"href":"http:\/\/spzduny.pl\/index.php?rest_route=\/wp\/v2\/pages"}],"about":[{"href":"http:\/\/spzduny.pl\/index.php?rest_route=\/wp\/v2\/types\/page"}],"author":[{"embeddable":true,"href":"http:\/\/spzduny.pl\/index.php?rest_route=\/wp\/v2\/users\/1"}],"replies":[{"embeddable":true,"href":"http:\/\/spzduny.pl\/index.php?rest_route=%2Fwp%2Fv2%2Fcomments&post=3709"}],"version-history":[{"count":14,"href":"http:\/\/spzduny.pl\/index.php?rest_route=\/wp\/v2\/pages\/3709\/revisions"}],"predecessor-version":[{"id":53508,"href":"http:\/\/spzduny.pl\/index.php?rest_route=\/wp\/v2\/pages\/3709\/revisions\/53508"}],"wp:featuredmedia":[{"embeddable":true,"href":"http:\/\/spzduny.pl\/index.php?rest_route=\/wp\/v2\/media\/3710"}],"wp:attachment":[{"href":"http:\/\/spzduny.pl\/index.php?rest_route=%2Fwp%2Fv2%2Fmedia&parent=3709"}],"curies":[{"name":"wp","href":"https:\/\/api.w.org\/{rel}","templated":true}]}}