{"id":440,"date":"2018-03-20T11:57:14","date_gmt":"2018-03-20T11:57:14","guid":{"rendered":"http:\/\/spzduny.pl\/?page_id=440"},"modified":"2026-03-11T08:01:30","modified_gmt":"2026-03-11T08:01:30","slug":"pedagog","status":"publish","type":"page","link":"http:\/\/spzduny.pl\/?page_id=440","title":{"rendered":"Pedagog"},"content":{"rendered":"<p>\u00a0<\/p>\n<p style=\"text-align: center;\"><strong>PEDAGOG SZKOLNY<br \/><\/strong><strong>mgr Agnieszka Snela-Miklas<br \/><\/strong><\/p>\n<table class=\" alignright\" style=\"width: 80.3572%; height: 174px;\">\n<tbody>\n<tr style=\"height: 29px;\">\n<td style=\"height: 29px; width: 34.3233%;\"><strong>Poniedzia\u0142ek <\/strong><\/td>\n<td style=\"height: 29px; width: 41.6887%;\"><strong>8:15 \u2013 8:50, 9:35 &#8211; 12:45<\/strong><\/td>\n<\/tr>\n<tr style=\"height: 29px;\">\n<td style=\"height: 29px; width: 34.3233%;\"><strong>Wtorek<\/strong><\/td>\n<td style=\"height: 29px; width: 41.6887%;\"><strong>8:00 \u2013 8:50, 9:35 &#8211; 13:00<\/strong><\/td>\n<\/tr>\n<tr style=\"height: 29px;\">\n<td style=\"height: 29px; width: 34.3233%;\"><strong>\u015aroda \u00a0<\/strong><\/td>\n<td style=\"height: 29px; width: 41.6887%;\"><strong>8:45 \u2013 13:15<\/strong><\/td>\n<\/tr>\n<tr style=\"height: 29px;\">\n<td style=\"height: 29px; width: 34.3233%;\"><strong>Czwartek<\/strong><\/td>\n<td style=\"height: 29px; width: 41.6887%;\"><strong>8:15 \u2013 15:30<\/strong><\/td>\n<\/tr>\n<tr style=\"height: 26px;\">\n<td style=\"height: 26px; width: 34.3233%;\"><strong>Pi\u0105tek<\/strong><\/td>\n<td style=\"height: 26px; width: 41.6887%;\"><strong>8:15 \u2013 10:50<\/strong><\/td>\n<\/tr>\n<\/tbody>\n<\/table>\n<p style=\"text-align: center;\">\u00a0<\/p>\n<p>\u00a0<\/p>\n<p>\u00a0<\/p>\n<p>\u00a0<\/p>\n<p style=\"text-align: center;\"><strong><br \/>PEDAGOG SPECJALNY <br \/><\/strong><strong>\u00a0 \u00a0 mgr Marcelina \u017buchowska<\/strong><\/p>\n<p style=\"text-align: center;\"><strong>\u00a0<\/strong><strong>\u00a0 \u00a0<\/strong><\/p>\n<table class=\" alignright\" style=\"width: 79.0481%; height: 230px;\">\n<tbody>\n<tr style=\"height: 56px;\">\n<td style=\"width: 14.8494%; height: 56px;\"><strong>Poniedzia\u0142ek <\/strong><\/td>\n<td style=\"width: 35.3054%; height: 56px;\"><strong>10:30-15:00<\/strong><\/td>\n<\/tr>\n<tr style=\"height: 56px;\">\n<td style=\"width: 14.8494%; height: 56px;\"><strong>Wtorek<\/strong><\/td>\n<td style=\"width: 35.3054%; height: 56px;\"><strong>9:35-14:05<\/strong><\/td>\n<\/tr>\n<tr style=\"height: 56px;\">\n<td style=\"width: 14.8494%; height: 56px;\"><strong>\u015aroda \u00a0<\/strong><\/td>\n<td style=\"width: 35.3054%; height: 56px;\"><strong>11:20-12:20<\/strong><\/td>\n<\/tr>\n<tr style=\"height: 47px;\">\n<td style=\"width: 14.8494%; height: 47px;\"><strong>Czwartek<\/strong><\/td>\n<td style=\"width: 35.3054%; height: 47px;\"><strong>11:20-12:20<\/strong><\/td>\n<\/tr>\n<\/tbody>\n<\/table>\n<p style=\"text-align: center;\"><strong>\u00a0\u00a0\u00a0\u00a0\u00a0 <\/strong><strong>\u00a0\u00a0\u00a0\u00a0\u00a0<\/strong><\/p>\n<p style=\"text-align: center;\">\u00a0<\/p>\n<p>\u00a0<\/p>\n<p>\u00a0<\/p>\n<p>\u00a0<\/p>\n<p>\u00a0<\/p>\n<p style=\"text-align: center;\"><strong>Obowi\u0105zuje od 09 lutego\u00a0 2026r.<\/strong><\/p>\n<p style=\"text-align: center;\"><span style=\"background-color: #ccffcc;\"><strong>Najskuteczniej jest zadzwoni\u0107 do szko\u0142y (62) 721-55-13 numer wewn\u0119trzny 120<br \/>i um\u00f3wi\u0107 si\u0119 na konkretny dzie\u0144 i godzin\u0119.<\/strong><\/span><\/p>\n<p style=\"text-align: center;\">\u00a0<\/p>\n<p style=\"text-align: center;\"><span style=\"color: #008000;\"><strong>Do zada\u0144 pedagoga i psychologa w\u00a0 szkole\u00a0 nale\u017cy <\/strong><strong>w szczeg\u00f3lno\u015bci:<\/strong><\/span><\/p>\n<p>1) prowadzenie bada\u0144 i dzia\u0142a\u0144 diagnostycznych uczni\u00f3w, w tym diagnozowanie indywidualnych potrzeb rozwojowych i edukacyjnych oraz mo\u017cliwo\u015bci psychofizycznych uczni\u00f3w w celu okre\u015blenia mocnych stron, predyspozycji, zainteresowa\u0144 i uzdolnie\u0144 uczni\u00f3w oraz przyczyn niepowodze\u0144 edukacyjnych lub trudno\u015bci w funkcjonowaniu uczni\u00f3w, \u00a0 w tym barier i ogranicze\u0144 utrudniaj\u0105cych funkcjonowanie ucznia i jego uczestnictwo w \u017cyciu szko\u0142y;<\/p>\n<p>2) diagnozowanie sytuacji wychowawczych w\u00a0 szkole w celu rozwi\u0105zywania problem\u00f3w wychowawczych stanowi\u0105cych barier\u0119 i ograniczaj\u0105cych aktywne i pe\u0142ne uczestnictwo ucznia w \u017cyciu szko\u0142y;<\/p>\n<p>3) udzielanie uczniom pomocy psychologiczno-pedagogicznej w formach odpowiednich do rozpoznanych potrzeb;<\/p>\n<p>4) podejmowanie dzia\u0142a\u0144 z zakresu profilaktyki uzale\u017cnie\u0144 i innych problem\u00f3w dzieci i m\u0142odzie\u017cy;<\/p>\n<p>5) minimalizowanie skutk\u00f3w zaburze\u0144 rozwojowych, zapobieganie zaburzeniom zachowania oraz inicjowanie r\u00f3\u017cnych form pomocy\u00a0 w \u015brodowisku przedszkolnym, szkolnym i pozaszkolnym uczni\u00f3w;<\/p>\n<p>6) inicjowanie i prowadzenie dzia\u0142a\u0144 mediacyjnych i interwencyjnych\u00a0 w sytuacjach kryzysowych;<\/p>\n<p>7) pomoc rodzicom i nauczycielom w rozpoznawaniu i rozwijaniu indywidualnych mo\u017cliwo\u015bci, predyspozycji i uzdolnie\u0144 uczni\u00f3w;<\/p>\n<p>8) wspieranie nauczycieli, wychowawc\u00f3w grup wychowawczych\u00a0 i innych specjalist\u00f3w\u00a0w:<\/p>\n<p>a) rozpoznawaniu indywidualnych potrzeb rozwojowych i edukacyjnych oraz mo\u017cliwo\u015bci psychofizycznych uczni\u00f3w w celu okre\u015blenia mocnych stron, predyspozycji, zainteresowa\u0144 i uzdolnie\u0144 uczni\u00f3w oraz przyczyn niepowodze\u0144 edukacyjnych lub trudno\u015bci w funkcjonowaniu uczni\u00f3w, w tym barier i ogranicze\u0144 utrudniaj\u0105cych funkcjonowanie ucznia i jego uczestnictwo w \u017cyciu szko\u0142y,<\/p>\n<p>b) udzielaniu pomocy psychologiczno-pedagogicznej.<\/p>\n<p style=\"text-align: center;\"><span style=\"color: #008000;\"><strong>Do zada\u0144 pedagoga specjalnego w\u00a0 szkole nale\u017cy\u00a0 w szczeg\u00f3lno\u015bci:<\/strong><\/span><\/p>\n<p>1) wsp\u00f3\u0142praca z nauczycielami, wychowawcami grup wychowawczych lub innymi\u00a0specjalistami, rodzicami oraz uczniami w:<\/p>\n<p>a) rekomendowaniu dyrektorowi szko\u0142y do realizacji dzia\u0142a\u0144 w zakresie zapewnienia aktywnego i pe\u0142nego uczestnictwa uczni\u00f3w w \u017cyciu\u00a0 szko\u0142y oraz dost\u0119pno\u015bci, o kt\u00f3rej mowa w\u00a0ustawie z dnia 19 lipca 2019 r. o zapewnianiu dost\u0119pno\u015bci osobom ze szczeg\u00f3lnymi potrzebami,<\/p>\n<p>b) prowadzeniu bada\u0144 i dzia\u0142a\u0144 diagnostycznych zwi\u0105zanych z rozpoznawaniem indywidualnych potrzeb rozwojowych i edukacyjnych oraz mo\u017cliwo\u015bci psychofizycznych uczni\u00f3w w celu okre\u015blenia mocnych stron, predyspozycji, zainteresowa\u0144 i uzdolnie\u0144 uczni\u00f3w oraz przyczyn niepowodze\u0144 edukacyjnych lub trudno\u015bci w funkcjonowaniu uczni\u00f3w, w tym barier i ogranicze\u0144 utrudniaj\u0105cych funkcjonowanie ucznia i jego uczestnictwo w \u017cyciu\u00a0 szko\u0142y,<\/p>\n<p>c) rozwi\u0105zywaniu problem\u00f3w dydaktycznych i wychowawczych uczni\u00f3w,<\/p>\n<p>d) okre\u015blaniu niezb\u0119dnych do nauki warunk\u00f3w, sprz\u0119tu specjalistycznego i \u015brodk\u00f3w dydaktycznych, w tym wykorzystuj\u0105cych technologie informacyjno-komunikacyjne, odpowiednich ze wzgl\u0119du na indywidualne potrzeby rozwojowe i edukacyjne oraz mo\u017cliwo\u015bci psychofizyczne ucznia;<\/p>\n<p>2) wsp\u00f3\u0142praca z zespo\u0142em, o kt\u00f3rym mowa w przepisach wydanych na podstawie\u00a0art. 127 \u00a0ust. 19 pkt 2\u00a0ustawy, w zakresie opracowania \u00a0 i realizacji indywidualnego programu edukacyjno-terapeutycznego ucznia posiadaj\u0105cego orzeczenie o potrzebie kszta\u0142cenia specjalnego, w tym zapewnienia mu pomocy psychologiczno-pedagogicznej;<\/p>\n<p>3) wspieranie nauczycieli, wychowawc\u00f3w grup wychowawczych\u00a0 i innych specjalist\u00f3w\u00a0w:<\/p>\n<p>a) rozpoznawaniu przyczyn niepowodze\u0144 edukacyjnych uczni\u00f3w lub trudno\u015bci w ich funkcjonowaniu, w tym barier i ogranicze\u0144 utrudniaj\u0105cych funkcjonowanie ucznia i jego uczestnictwo w \u017cyciu szko\u0142y,<\/p>\n<p>b) udzielaniu pomocy psychologiczno-pedagogicznej w bezpo\u015bredniej pracy z uczniem,<\/p>\n<p>c) dostosowaniu sposob\u00f3w i metod pracy do indywidualnych potrzeb rozwojowych i edukacyjnych ucznia oraz jego mo\u017cliwo\u015bci psychofizycznych,<\/p>\n<p>d) doborze metod, form kszta\u0142cenia i \u015brodk\u00f3w dydaktycznych do potrzeb uczni\u00f3w;<\/p>\n<p>4) udzielanie pomocy psychologiczno-pedagogicznej uczniom, rodzicom uczni\u00f3w i nauczycielom;<\/p>\n<p>5) wsp\u00f3\u0142praca, w zale\u017cno\u015bci od potrzeb, z innymi podmiotami, o kt\u00f3rych mowa w\u00a0\u00a7 4\u00a0ust. 3 oraz w\u00a0\u00a7 5;<\/p>\n<p>6) przedstawianie radzie pedagogicznej propozycji w zakresie doskonalenia zawodowego nauczycieli szko\u0142y\u00a0w zakresie zada\u0144 okre\u015blonych w pkt 1-5.<\/p>\n<p>\u00a0<\/p>\n\n\n<p style=\"text-align: center;\"><span style=\"color: #008000;\"><strong>\u00a0<\/strong><\/span><\/p>\n<p>PREZENTACJE POMOCNICZE DLA RODZIC\u00d3W I UCZNI\u00d3W:<\/p>\n<p><a href=\"https:\/\/www.canva.com\/design\/DAFQIbMhUo0\/1pFBpls0igC4cWJuG3Qrtw\/view?utm_content=DAFQIbMhUo0&amp;utm_campaign=designshare&amp;utm_medium=link2&amp;utm_source=sharebutton#6\">Kiedy dziecko nie chce i\u015b\u0107 do szko\u0142y<\/a><\/p>\n<p><a href=\"https:\/\/www.canva.com\/design\/DAFTTl3JZjY\/t58eWGfS11jTdMKhOKPtUw\/view?utm_content=DAFTTl3JZjY&amp;utm_campaign=designshare&amp;utm_medium=link&amp;utm_source=publishsharelink\">Jak pom\u00f3c dziecku uspokoi\u0107 emocj\u0119 i skupi\u0107 si\u0119 na nauce <\/a><\/p>\n<p><a href=\"https:\/\/www.canva.com\/design\/DAFXK1PZZJU\/sRqsDnFj1LQRi67ylhqitQ\/view?utm_content=DAFXK1PZZJU&amp;utm_campaign=designshare&amp;utm_medium=link&amp;utm_source=publishsharelink\">23 Luty \u2013 Og\u00f3lnopolski Dzie\u0144 Walki z Depresj\u0105 <\/a><\/p>\n<p>\u00a0<\/p>\n\n\n\n<figure class=\"wp-block-gallery columns-2\"><ul class=\"blocks-gallery-grid\"><li class=\"blocks-gallery-item\"><figure><a href=\"http:\/\/spzduny.pl\/wp-content\/uploads\/2020\/05\/Co-pomaga-w-nauce-w-domu.png\"><img loading=\"lazy\" width=\"426\" height=\"1024\" src=\"http:\/\/spzduny.pl\/wp-content\/uploads\/2020\/05\/Co-pomaga-w-nauce-w-domu-426x1024.png\" alt=\"\" data-id=\"15434\" data-full-url=\"http:\/\/spzduny.pl\/wp-content\/uploads\/2020\/05\/Co-pomaga-w-nauce-w-domu.png\" data-link=\"http:\/\/spzduny.pl\/?attachment_id=15434\" class=\"wp-image-15434\" srcset=\"http:\/\/spzduny.pl\/wp-content\/uploads\/2020\/05\/Co-pomaga-w-nauce-w-domu-426x1024.png 426w, http:\/\/spzduny.pl\/wp-content\/uploads\/2020\/05\/Co-pomaga-w-nauce-w-domu-125x300.png 125w, http:\/\/spzduny.pl\/wp-content\/uploads\/2020\/05\/Co-pomaga-w-nauce-w-domu-768x1847.png 768w, http:\/\/spzduny.pl\/wp-content\/uploads\/2020\/05\/Co-pomaga-w-nauce-w-domu-639x1536.png 639w, http:\/\/spzduny.pl\/wp-content\/uploads\/2020\/05\/Co-pomaga-w-nauce-w-domu.png 799w\" sizes=\"(max-width: 426px) 100vw, 426px\" \/><\/a><\/figure><\/li><li class=\"blocks-gallery-item\"><figure><a href=\"http:\/\/spzduny.pl\/wp-content\/uploads\/2020\/05\/wspieranie.jpg\"><img loading=\"lazy\" width=\"553\" height=\"784\" src=\"http:\/\/spzduny.pl\/wp-content\/uploads\/2020\/05\/wspieranie.jpg\" alt=\"\" data-id=\"15432\" data-full-url=\"http:\/\/spzduny.pl\/wp-content\/uploads\/2020\/05\/wspieranie.jpg\" data-link=\"http:\/\/spzduny.pl\/?attachment_id=15432\" class=\"wp-image-15432\" srcset=\"http:\/\/spzduny.pl\/wp-content\/uploads\/2020\/05\/wspieranie.jpg 553w, http:\/\/spzduny.pl\/wp-content\/uploads\/2020\/05\/wspieranie-212x300.jpg 212w\" sizes=\"(max-width: 553px) 100vw, 553px\" \/><\/a><\/figure><\/li><\/ul><\/figure>\n\n\n\n<figure class=\"wp-block-image\"><img alt=\"\"\/><\/figure>\n","protected":false},"excerpt":{"rendered":"<p>\u00a0 PEDAGOG SZKOLNYmgr Agnieszka Snela-Miklas Poniedzia\u0142ek 8:15 \u2013 8:50, 9:35 &#8211; 12:45 Wtorek 8:00 \u2013 8:50, 9:35 &#8211; 13:00 \u015aroda \u00a0 8:45 \u2013 13:15 Czwartek 8:15 \u2013 15:30 Pi\u0105tek 8:15 [&hellip;]<\/p>\n","protected":false},"author":1,"featured_media":0,"parent":0,"menu_order":0,"comment_status":"closed","ping_status":"closed","template":"","meta":[],"_links":{"self":[{"href":"http:\/\/spzduny.pl\/index.php?rest_route=\/wp\/v2\/pages\/440"}],"collection":[{"href":"http:\/\/spzduny.pl\/index.php?rest_route=\/wp\/v2\/pages"}],"about":[{"href":"http:\/\/spzduny.pl\/index.php?rest_route=\/wp\/v2\/types\/page"}],"author":[{"embeddable":true,"href":"http:\/\/spzduny.pl\/index.php?rest_route=\/wp\/v2\/users\/1"}],"replies":[{"embeddable":true,"href":"http:\/\/spzduny.pl\/index.php?rest_route=%2Fwp%2Fv2%2Fcomments&post=440"}],"version-history":[{"count":61,"href":"http:\/\/spzduny.pl\/index.php?rest_route=\/wp\/v2\/pages\/440\/revisions"}],"predecessor-version":[{"id":58301,"href":"http:\/\/spzduny.pl\/index.php?rest_route=\/wp\/v2\/pages\/440\/revisions\/58301"}],"wp:attachment":[{"href":"http:\/\/spzduny.pl\/index.php?rest_route=%2Fwp%2Fv2%2Fmedia&parent=440"}],"curies":[{"name":"wp","href":"https:\/\/api.w.org\/{rel}","templated":true}]}}