{"id":973,"date":"2018-04-01T13:44:08","date_gmt":"2018-04-01T13:44:08","guid":{"rendered":"http:\/\/spzduny.pl\/?page_id=973"},"modified":"2023-09-06T08:59:26","modified_gmt":"2023-09-06T08:59:26","slug":"wymagania-edukacyjne-z-jezyka-polskiego","status":"publish","type":"page","link":"http:\/\/spzduny.pl\/?page_id=973","title":{"rendered":"WYMAGANIA EDUKACYJNE Z J\u0118ZYKA POLSKIEGO"},"content":{"rendered":"\n<p><strong><span style=\"font-size: 14px;\">WYMAGANIA EDUKACYJNE Z J\u0118ZYKA POLSKIEGO<\/span><\/strong><\/p>\n<table style=\"width: 100%; height: 150px;\" border=\"0\" width=\"90%\">\n<tbody>\n<tr style=\"height: 30px;\">\n<td style=\"height: 30px; width: 5.71429%;\" width=\"43\"><span style=\"font-family: Verdana;\"><a href=\"http:\/\/spzduny.pl\/wp-content\/uploads\/2023\/09\/Wymagania-edukacyjne-z-jezyka-polskiego-dla-klasy-4..pdf\"><img loading=\"lazy\" class=\"alignnone\" src=\"http:\/\/zs.zduny.pl\/images\/22x22_pdf.png\" alt=\"\" width=\"22\" height=\"22\" border=\"0\" \/><\/a><\/span><\/td>\n<td style=\"height: 30px; width: 93.3333%;\"><span style=\"font-size: small;\"><a href=\"http:\/\/spzduny.pl\/wp-content\/uploads\/2023\/09\/Wymagania-edukacyjne-z-jezyka-polskiego-dla-klasy-4..pdf\">WYMAGANIA EDUKACYJNE Z J\u0118ZYKA POLSKIEGO W KLASIE IV SZKO\u0141Y PODSTAWOWEJ<\/a> <\/span><\/td>\n<\/tr>\n<tr style=\"height: 30px;\">\n<td style=\"height: 30px; width: 5.71429%;\" width=\"43\"><span style=\"font-family: Verdana;\"><a href=\"http:\/\/www.spzduny.pl\/strona\/wymagania\/jpol\/5.pdf\"><img loading=\"lazy\" src=\"http:\/\/zs.zduny.pl\/images\/22x22_pdf.png\" width=\"22\" height=\"22\" border=\"0\" \/><\/a><\/span><\/td>\n<td style=\"height: 30px; width: 93.3333%;\"><span style=\"font-size: small;\"><a href=\"http:\/\/www.spzduny.pl\/strona\/wymagania\/jpol\/5.pdf\">WYMAGANIA EDUKACYJNE Z J\u0118ZYKA POLSKIEGO W KLASIE V SZKO\u0141Y PODSTAWOWEJ <\/a><\/span><\/td>\n<\/tr>\n<tr style=\"height: 30px;\">\n<td style=\"height: 30px; width: 5.71429%;\" width=\"43\"><span style=\"font-family: Verdana;\"><a href=\"http:\/\/www.spzduny.pl\/strona\/wymagania\/jpol\/6.pdf\"><img loading=\"lazy\" src=\"http:\/\/zs.zduny.pl\/images\/22x22_pdf.png\" width=\"22\" height=\"22\" border=\"0\" \/><\/a><\/span><\/td>\n<td style=\"height: 30px; width: 93.3333%;\"><span style=\"font-size: small;\"><a href=\"http:\/\/www.spzduny.pl\/strona\/wymagania\/jpol\/6.pdf\">WYMAGANIA EDUKACYJNE Z J\u0118ZYKA POLSKIEGO W KLASIE VI SZKO\u0141Y PODSTAWOWEJ <\/a><\/span><\/td>\n<\/tr>\n<tr style=\"height: 30px;\">\n<td style=\"height: 30px; width: 5.71429%;\" width=\"43\"><a href=\"http:\/\/www.spzduny.pl\/strona\/wymagania\/jpol\/7.pdf\"><img loading=\"lazy\" src=\"http:\/\/zs.zduny.pl\/images\/22x22_pdf.png\" width=\"22\" height=\"22\" border=\"0\" \/><\/a><\/td>\n<td style=\"height: 30px; width: 93.3333%;\"><span style=\"font-size: small;\"><a href=\"http:\/\/www.spzduny.pl\/strona\/wymagania\/jpol\/7.pdf\">WYMAGANIA EDUKACYJNE Z J\u0118ZYKA POLSKIEGO W KLASIE VII SZKO\u0141Y PODSTAWOWEJ <\/a><\/span><\/td>\n<\/tr>\n<tr style=\"height: 30px;\">\n<td style=\"height: 30px; width: 5.71429%;\"><a href=\"http:\/\/spzduny.pl\/wp-content\/uploads\/2019\/09\/kryteria-oceniania-dla-kl-8-pdf.pdf\"><img loading=\"lazy\" class=\"alignnone\" src=\"http:\/\/zs.zduny.pl\/images\/22x22_pdf.png\" alt=\"\" width=\"22\" height=\"22\" border=\"0\" \/><\/a><\/td>\n<td style=\"height: 30px; width: 93.3333%;\"><span style=\"font-size: small;\"><a href=\"http:\/\/spzduny.pl\/wp-content\/uploads\/2019\/09\/kryteria-oceniania-dla-kl-8-pdf.pdf\">WYMAGANIA EDUKACYJNE Z J\u0118ZYKA POLSKIEGO W KLASIE VIII SZKO\u0141Y PODSTAWOWEJ <\/a><\/span><\/td>\n<\/tr>\n<\/tbody>\n<\/table>\n<p>\u00a0<\/p>\n","protected":false},"excerpt":{"rendered":"<p>WYMAGANIA EDUKACYJNE Z J\u0118ZYKA POLSKIEGO WYMAGANIA EDUKACYJNE Z J\u0118ZYKA POLSKIEGO W KLASIE IV SZKO\u0141Y PODSTAWOWEJ WYMAGANIA EDUKACYJNE Z J\u0118ZYKA POLSKIEGO W KLASIE V SZKO\u0141Y PODSTAWOWEJ WYMAGANIA EDUKACYJNE Z J\u0118ZYKA POLSKIEGO [&hellip;]<\/p>\n","protected":false},"author":1,"featured_media":0,"parent":0,"menu_order":0,"comment_status":"closed","ping_status":"closed","template":"","meta":[],"_links":{"self":[{"href":"http:\/\/spzduny.pl\/index.php?rest_route=\/wp\/v2\/pages\/973"}],"collection":[{"href":"http:\/\/spzduny.pl\/index.php?rest_route=\/wp\/v2\/pages"}],"about":[{"href":"http:\/\/spzduny.pl\/index.php?rest_route=\/wp\/v2\/types\/page"}],"author":[{"embeddable":true,"href":"http:\/\/spzduny.pl\/index.php?rest_route=\/wp\/v2\/users\/1"}],"replies":[{"embeddable":true,"href":"http:\/\/spzduny.pl\/index.php?rest_route=%2Fwp%2Fv2%2Fcomments&post=973"}],"version-history":[{"count":16,"href":"http:\/\/spzduny.pl\/index.php?rest_route=\/wp\/v2\/pages\/973\/revisions"}],"predecessor-version":[{"id":37608,"href":"http:\/\/spzduny.pl\/index.php?rest_route=\/wp\/v2\/pages\/973\/revisions\/37608"}],"wp:attachment":[{"href":"http:\/\/spzduny.pl\/index.php?rest_route=%2Fwp%2Fv2%2Fmedia&parent=973"}],"curies":[{"name":"wp","href":"https:\/\/api.w.org\/{rel}","templated":true}]}}